{"id":122,"date":"2023-03-01T12:10:33","date_gmt":"2023-03-01T11:10:33","guid":{"rendered":"https:\/\/www.ivanfotografo.es\/?page_id=122"},"modified":"2023-10-09T18:41:36","modified_gmt":"2023-10-09T16:41:36","slug":"mapa-del-sitio-2","status":"publish","type":"page","link":"https:\/\/www.ivanfotografo.es\/en\/site-map-2\/","title":{"rendered":"Site Map"},"content":{"rendered":"<div data-elementor-type=\"wp-page\" data-elementor-id=\"122\" class=\"elementor elementor-122\" data-elementor-post-type=\"page\">\n\t\t\t\t\t\t<section class=\"elementor-section elementor-top-section elementor-element elementor-element-5229219 elementor-section-full_width elementor-section-height-default elementor-section-height-default\" data-id=\"5229219\" data-element_type=\"section\" data-settings=\"{&quot;background_background&quot;:&quot;classic&quot;,&quot;background_motion_fx_motion_fx_scrolling&quot;:&quot;yes&quot;,&quot;background_motion_fx_devices&quot;:[&quot;desktop&quot;,&quot;tablet&quot;,&quot;mobile&quot;]}\">\n\t\t\t\t\t\t\t<div class=\"elementor-background-overlay\"><\/div>\n\t\t\t\t\t\t\t<div class=\"elementor-container elementor-column-gap-no\">\n\t\t\t\t\t<div class=\"elementor-column elementor-col-100 elementor-top-column elementor-element elementor-element-d04316b\" data-id=\"d04316b\" data-element_type=\"column\">\n\t\t\t<div class=\"elementor-widget-wrap elementor-element-populated\">\n\t\t\t\t\t\t<div class=\"elementor-element elementor-element-c0266e8 elementor-invisible elementor-widget elementor-widget-heading\" data-id=\"c0266e8\" data-element_type=\"widget\" data-settings=\"{&quot;_animation&quot;:&quot;fadeInLeft&quot;}\" data-widget_type=\"heading.default\">\n\t\t\t\t<div class=\"elementor-widget-container\">\n\t\t\t\t\t<h1 class=\"elementor-heading-title elementor-size-default\">Site Map<\/h1>\t\t\t\t<\/div>\n\t\t\t\t<\/div>\n\t\t\t\t<div class=\"elementor-element elementor-element-943c6d0 elementor-widget elementor-widget-text-editor\" data-id=\"943c6d0\" data-element_type=\"widget\" data-widget_type=\"text-editor.default\">\n\t\t\t\t<div class=\"elementor-widget-container\">\n\t\t\t\t\t\t\t\t\tInformation about the ownership of the website, the scope and the use of the website.\t\t\t\t\t\t\t\t<\/div>\n\t\t\t\t<\/div>\n\t\t\t\t<div class=\"elementor-element elementor-element-1a59c89 elementor-widget__width-auto elementor-mobile-align-center elementor-widget-mobile__width-auto elementor-widget elementor-widget-breadcrumbs\" data-id=\"1a59c89\" data-element_type=\"widget\" data-widget_type=\"breadcrumbs.default\">\n\t\t\t\t<div class=\"elementor-widget-container\">\n\t\t\t\t\t<p id=\"breadcrumbs\"><span><span><a href=\"https:\/\/www.ivanfotografo.es\/en\">Start<\/a><\/span><\/span><\/p>\t\t\t\t<\/div>\n\t\t\t\t<\/div>\n\t\t\t\t\t<\/div>\n\t\t<\/div>\n\t\t\t\t\t<\/div>\n\t\t<\/section>\n\t\t\t\t<section class=\"elementor-section elementor-top-section elementor-element elementor-element-f96f846 elementor-section-boxed elementor-section-height-default elementor-section-height-default\" data-id=\"f96f846\" data-element_type=\"section\">\n\t\t\t\t\t\t<div class=\"elementor-container elementor-column-gap-default\">\n\t\t\t\t\t<div class=\"elementor-column elementor-col-100 elementor-top-column elementor-element elementor-element-d7d0197\" data-id=\"d7d0197\" data-element_type=\"column\">\n\t\t\t<div class=\"elementor-widget-wrap elementor-element-populated\">\n\t\t\t\t\t\t<div class=\"elementor-element elementor-element-b1a821a elementor-widget elementor-widget-sitemap\" data-id=\"b1a821a\" data-element_type=\"widget\" data-widget_type=\"sitemap.default\">\n\t\t\t\t<div class=\"elementor-widget-container\">\n\t\t\t\t\t<div class=\"elementor-sitemap-wrap\"><div class=\"elementor-sitemap-section\"><h1 class=\"elementor-sitemap-title elementor-sitemap-page-title\">pages<\/h1><ul class=\"elementor-sitemap-list elementor-sitemap-page-list\"><li class=\"elementor-sitemap-item elementor-sitemap-item-page page_item page-item-450\"><a href=\"https:\/\/www.ivanfotografo.es\/en\/us\/\">About us<\/a><\/li><li class=\"elementor-sitemap-item elementor-sitemap-item-page page_item page-item-448\"><a href=\"https:\/\/www.ivanfotografo.es\/en\/services\/\">Services<\/a><\/li><li class=\"elementor-sitemap-item elementor-sitemap-item-page page_item page-item-1105\"><a href=\"https:\/\/www.ivanfotografo.es\/en\/vivid-parrots\/\">Vivid Parrots<\/a><\/li><li class=\"elementor-sitemap-item elementor-sitemap-item-page page_item page-item-1128\"><a href=\"https:\/\/www.ivanfotografo.es\/en\/black-and-white-portraits\/\">Black and White Portraits.<\/a><\/li><li class=\"elementor-sitemap-item elementor-sitemap-item-page page_item page-item-323\"><a href=\"https:\/\/www.ivanfotografo.es\/en\/site-map\/\">Site Map<\/a><\/li><li class=\"elementor-sitemap-item elementor-sitemap-item-page page_item page-item-122\"><a href=\"https:\/\/www.ivanfotografo.es\/en\/site-map-2\/\">Site Map<\/a><\/li><li class=\"elementor-sitemap-item elementor-sitemap-item-page page_item page-item-1155\"><a href=\"https:\/\/www.ivanfotografo.es\/en\/about\/\">About<\/a><\/li><li class=\"elementor-sitemap-item elementor-sitemap-item-page page_item page-item-1159\"><a href=\"https:\/\/www.ivanfotografo.es\/en\/contact\/\">Contact<\/a><\/li><li class=\"elementor-sitemap-item elementor-sitemap-item-page page_item page-item-327\"><a href=\"https:\/\/www.ivanfotografo.es\/en\/accessibility\/\">Accessibility<\/a><\/li><li class=\"elementor-sitemap-item elementor-sitemap-item-page page_item page-item-319\"><a href=\"https:\/\/www.ivanfotografo.es\/en\/cookies-policy\/\">Cookies policy<\/a><\/li><li class=\"elementor-sitemap-item elementor-sitemap-item-page page_item page-item-1204\"><a href=\"https:\/\/www.ivanfotografo.es\/en\/fluttering-birds\/\">Fluttering Birds<\/a><\/li><li class=\"elementor-sitemap-item elementor-sitemap-item-page page_item page-item-315\"><a href=\"https:\/\/www.ivanfotografo.es\/en\/privacy-policy\/\">Privacy Policy<\/a><\/li><li class=\"elementor-sitemap-item elementor-sitemap-item-page page_item page-item-311\"><a href=\"https:\/\/www.ivanfotografo.es\/en\/legal-notice\/\">Legal warning<\/a><\/li><li class=\"elementor-sitemap-item elementor-sitemap-item-page page_item page-item-1279\"><a href=\"https:\/\/www.ivanfotografo.es\/en\/recent\/\">Recent<\/a><\/li><li class=\"elementor-sitemap-item elementor-sitemap-item-page page_item page-item-1642\"><a href=\"https:\/\/www.ivanfotografo.es\/en\/wildlife\/\">Urban<\/a><\/li><li class=\"elementor-sitemap-item elementor-sitemap-item-page page_item page-item-1307\"><a href=\"https:\/\/www.ivanfotografo.es\/en\/scene\/\">Scene<\/a><\/li><li class=\"elementor-sitemap-item elementor-sitemap-item-page page_item page-item-1336\"><a href=\"https:\/\/www.ivanfotografo.es\/en\">home<\/a><\/li><li class=\"elementor-sitemap-item elementor-sitemap-item-page page_item page-item-1767\"><a href=\"https:\/\/www.ivanfotografo.es\/en\/projects\/\">Project<\/a><\/li><\/ul><\/div><\/div>\t\t\t\t<\/div>\n\t\t\t\t<\/div>\n\t\t\t\t\t<\/div>\n\t\t<\/div>\n\t\t\t\t\t<\/div>\n\t\t<\/section>\n\t\t\t\t<\/div>","protected":false},"excerpt":{"rendered":"<p>MapA del SITIO Informaci\u00f3n sobre la propiedad del sitio web, el \u00e1mbito y el uso del mismo.<\/p>","protected":false},"author":4,"featured_media":0,"parent":0,"menu_order":13,"comment_status":"closed","ping_status":"closed","template":"","meta":{"footnotes":""},"class_list":["post-122","page","type-page","status-publish","hentry"],"yoast_head":"<!-- This site is optimized with the Yoast SEO plugin v24.4 - https:\/\/yoast.com\/wordpress\/plugins\/seo\/ -->\n<title>Mapa del sitio | Iv\u00e1n Fot\u00f3grafo<\/title>\n<meta name=\"description\" content=\"Mapa del sitio web Iv\u00e1n Fot\u00f3grafo\" \/>\n<meta name=\"robots\" content=\"index, follow, max-snippet:-1, max-image-preview:large, max-video-preview:-1\" \/>\n<link rel=\"canonical\" href=\"https:\/\/www.ivanfotografo.es\/en\/site-map-2\/\" \/>\n<meta property=\"og:locale\" content=\"en_US\" \/>\n<meta property=\"og:type\" content=\"article\" \/>\n<meta property=\"og:title\" content=\"Mapa del sitio | Iv\u00e1n Fot\u00f3grafo\" \/>\n<meta property=\"og:description\" content=\"Mapa del sitio web Iv\u00e1n Fot\u00f3grafo\" \/>\n<meta property=\"og:url\" content=\"https:\/\/www.ivanfotografo.es\/en\/site-map-2\/\" \/>\n<meta property=\"og:site_name\" content=\"Iv\u00e1n Fot\u00f3grafo\" \/>\n<meta property=\"article:modified_time\" content=\"2023-10-09T16:41:36+00:00\" \/>\n<meta name=\"twitter:card\" content=\"summary_large_image\" \/>\n<script type=\"application\/ld+json\" class=\"yoast-schema-graph\">{\"@context\":\"https:\/\/schema.org\",\"@graph\":[{\"@type\":\"WebPage\",\"@id\":\"https:\/\/www.ivanfotografo.es\/mapa-del-sitio-2\/\",\"url\":\"https:\/\/www.ivanfotografo.es\/mapa-del-sitio-2\/\",\"name\":\"Mapa del sitio | Iv\u00e1n Fot\u00f3grafo\",\"isPartOf\":{\"@id\":\"https:\/\/www.ivanfotografo.es\/#website\"},\"datePublished\":\"2023-03-01T11:10:33+00:00\",\"dateModified\":\"2023-10-09T16:41:36+00:00\",\"description\":\"Mapa del sitio web Iv\u00e1n Fot\u00f3grafo\",\"breadcrumb\":{\"@id\":\"https:\/\/www.ivanfotografo.es\/mapa-del-sitio-2\/#breadcrumb\"},\"inLanguage\":\"en-US\",\"potentialAction\":[{\"@type\":\"ReadAction\",\"target\":[\"https:\/\/www.ivanfotografo.es\/mapa-del-sitio-2\/\"]}]},{\"@type\":\"BreadcrumbList\",\"@id\":\"https:\/\/www.ivanfotografo.es\/mapa-del-sitio-2\/#breadcrumb\",\"itemListElement\":[{\"@type\":\"ListItem\",\"position\":1,\"name\":\"Inicio\",\"item\":\"https:\/\/www.ivanfotografo.es\/\"},{\"@type\":\"ListItem\",\"position\":2,\"name\":\"Mapa del sitio\"}]},{\"@type\":\"WebSite\",\"@id\":\"https:\/\/www.ivanfotografo.es\/#website\",\"url\":\"https:\/\/www.ivanfotografo.es\/\",\"name\":\"Iv\u00e1n Fot\u00f3grafo\",\"description\":\"Iv\u00e1n Mart\u00ednez\",\"publisher\":{\"@id\":\"https:\/\/www.ivanfotografo.es\/#organization\"},\"potentialAction\":[{\"@type\":\"SearchAction\",\"target\":{\"@type\":\"EntryPoint\",\"urlTemplate\":\"https:\/\/www.ivanfotografo.es\/?s={search_term_string}\"},\"query-input\":{\"@type\":\"PropertyValueSpecification\",\"valueRequired\":true,\"valueName\":\"search_term_string\"}}],\"inLanguage\":\"en-US\"},{\"@type\":\"Organization\",\"@id\":\"https:\/\/www.ivanfotografo.es\/#organization\",\"name\":\"Iv\u00e1n Fot\u00f3grafo\",\"url\":\"https:\/\/www.ivanfotografo.es\/\",\"logo\":{\"@type\":\"ImageObject\",\"inLanguage\":\"en-US\",\"@id\":\"https:\/\/www.ivanfotografo.es\/#\/schema\/logo\/image\/\",\"url\":\"https:\/\/www.ivanfotografo.es\/wp-content\/uploads\/2023\/09\/logo-ivan3-2.svg\",\"contentUrl\":\"https:\/\/www.ivanfotografo.es\/wp-content\/uploads\/2023\/09\/logo-ivan3-2.svg\",\"width\":1212,\"height\":100,\"caption\":\"Iv\u00e1n Fot\u00f3grafo\"},\"image\":{\"@id\":\"https:\/\/www.ivanfotografo.es\/#\/schema\/logo\/image\/\"}}]}<\/script>\n<!-- \/ Yoast SEO plugin. -->","yoast_head_json":{"title":"Mapa del sitio | Iv\u00e1n Fot\u00f3grafo","description":"Mapa del sitio web Iv\u00e1n Fot\u00f3grafo","robots":{"index":"index","follow":"follow","max-snippet":"max-snippet:-1","max-image-preview":"max-image-preview:large","max-video-preview":"max-video-preview:-1"},"canonical":"https:\/\/www.ivanfotografo.es\/en\/site-map-2\/","og_locale":"en_US","og_type":"article","og_title":"Mapa del sitio | Iv\u00e1n Fot\u00f3grafo","og_description":"Mapa del sitio web Iv\u00e1n Fot\u00f3grafo","og_url":"https:\/\/www.ivanfotografo.es\/en\/site-map-2\/","og_site_name":"Iv\u00e1n Fot\u00f3grafo","article_modified_time":"2023-10-09T16:41:36+00:00","twitter_card":"summary_large_image","schema":{"@context":"https:\/\/schema.org","@graph":[{"@type":"WebPage","@id":"https:\/\/www.ivanfotografo.es\/mapa-del-sitio-2\/","url":"https:\/\/www.ivanfotografo.es\/mapa-del-sitio-2\/","name":"Mapa del sitio | Iv\u00e1n Fot\u00f3grafo","isPartOf":{"@id":"https:\/\/www.ivanfotografo.es\/#website"},"datePublished":"2023-03-01T11:10:33+00:00","dateModified":"2023-10-09T16:41:36+00:00","description":"Mapa del sitio web Iv\u00e1n Fot\u00f3grafo","breadcrumb":{"@id":"https:\/\/www.ivanfotografo.es\/mapa-del-sitio-2\/#breadcrumb"},"inLanguage":"en-US","potentialAction":[{"@type":"ReadAction","target":["https:\/\/www.ivanfotografo.es\/mapa-del-sitio-2\/"]}]},{"@type":"BreadcrumbList","@id":"https:\/\/www.ivanfotografo.es\/mapa-del-sitio-2\/#breadcrumb","itemListElement":[{"@type":"ListItem","position":1,"name":"Inicio","item":"https:\/\/www.ivanfotografo.es\/"},{"@type":"ListItem","position":2,"name":"Mapa del sitio"}]},{"@type":"WebSite","@id":"https:\/\/www.ivanfotografo.es\/#website","url":"https:\/\/www.ivanfotografo.es\/","name":"Iv\u00e1n Fot\u00f3grafo","description":"Iv\u00e1n Mart\u00ednez","publisher":{"@id":"https:\/\/www.ivanfotografo.es\/#organization"},"potentialAction":[{"@type":"SearchAction","target":{"@type":"EntryPoint","urlTemplate":"https:\/\/www.ivanfotografo.es\/?s={search_term_string}"},"query-input":{"@type":"PropertyValueSpecification","valueRequired":true,"valueName":"search_term_string"}}],"inLanguage":"en-US"},{"@type":"Organization","@id":"https:\/\/www.ivanfotografo.es\/#organization","name":"Iv\u00e1n Fot\u00f3grafo","url":"https:\/\/www.ivanfotografo.es\/","logo":{"@type":"ImageObject","inLanguage":"en-US","@id":"https:\/\/www.ivanfotografo.es\/#\/schema\/logo\/image\/","url":"https:\/\/www.ivanfotografo.es\/wp-content\/uploads\/2023\/09\/logo-ivan3-2.svg","contentUrl":"https:\/\/www.ivanfotografo.es\/wp-content\/uploads\/2023\/09\/logo-ivan3-2.svg","width":1212,"height":100,"caption":"Iv\u00e1n Fot\u00f3grafo"},"image":{"@id":"https:\/\/www.ivanfotografo.es\/#\/schema\/logo\/image\/"}}]}},"_links":{"self":[{"href":"https:\/\/www.ivanfotografo.es\/en\/wp-json\/wp\/v2\/pages\/122","targetHints":{"allow":["GET"]}}],"collection":[{"href":"https:\/\/www.ivanfotografo.es\/en\/wp-json\/wp\/v2\/pages"}],"about":[{"href":"https:\/\/www.ivanfotografo.es\/en\/wp-json\/wp\/v2\/types\/page"}],"author":[{"embeddable":true,"href":"https:\/\/www.ivanfotografo.es\/en\/wp-json\/wp\/v2\/users\/4"}],"replies":[{"embeddable":true,"href":"https:\/\/www.ivanfotografo.es\/en\/wp-json\/wp\/v2\/comments?post=122"}],"version-history":[{"count":5,"href":"https:\/\/www.ivanfotografo.es\/en\/wp-json\/wp\/v2\/pages\/122\/revisions"}],"predecessor-version":[{"id":1675,"href":"https:\/\/www.ivanfotografo.es\/en\/wp-json\/wp\/v2\/pages\/122\/revisions\/1675"}],"wp:attachment":[{"href":"https:\/\/www.ivanfotografo.es\/en\/wp-json\/wp\/v2\/media?parent=122"}],"curies":[{"name":"wp","href":"https:\/\/api.w.org\/{rel}","templated":true}]}}