{"id":1336,"date":"2023-09-27T13:05:33","date_gmt":"2023-09-27T11:05:33","guid":{"rendered":"https:\/\/www.ivanfotografo.es\/home\/"},"modified":"2024-12-02T20:00:35","modified_gmt":"2024-12-02T19:00:35","slug":"home","status":"publish","type":"page","link":"https:\/\/www.ivanfotografo.es\/en","title":{"rendered":"home"},"content":{"rendered":"<div data-elementor-type=\"wp-page\" data-elementor-id=\"1336\" class=\"elementor elementor-1336\" data-elementor-post-type=\"page\">\n\t\t\t\t\t\t<section class=\"elementor-section elementor-top-section elementor-element elementor-element-3fe2c94d elementor-section-full_width elementor-section-height-min-height elementor-section-items-stretch elementor-section-height-default\" data-id=\"3fe2c94d\" data-element_type=\"section\" id=\"uppage\">\n\t\t\t\t\t\t\t<div class=\"elementor-background-overlay\"><\/div>\n\t\t\t\t\t\t\t<div class=\"elementor-container elementor-column-gap-default\">\n\t\t\t\t\t<div class=\"elementor-column elementor-col-100 elementor-top-column elementor-element elementor-element-41823d2a\" data-id=\"41823d2a\" data-element_type=\"column\" data-settings=\"{&quot;background_background&quot;:&quot;classic&quot;}\">\n\t\t\t<div class=\"elementor-widget-wrap elementor-element-populated\">\n\t\t\t\t\t\t<section class=\"elementor-section elementor-inner-section elementor-element elementor-element-116e7191 elementor-section-boxed elementor-section-height-default elementor-section-height-default\" data-id=\"116e7191\" data-element_type=\"section\">\n\t\t\t\t\t\t<div class=\"elementor-container elementor-column-gap-default\">\n\t\t\t\t\t<div class=\"elementor-column elementor-col-50 elementor-inner-column elementor-element elementor-element-794729c8\" data-id=\"794729c8\" data-element_type=\"column\">\n\t\t\t<div class=\"elementor-widget-wrap\">\n\t\t\t\t\t\t\t<\/div>\n\t\t<\/div>\n\t\t\t\t<div class=\"elementor-column elementor-col-50 elementor-inner-column elementor-element elementor-element-5b73cd91\" data-id=\"5b73cd91\" data-element_type=\"column\">\n\t\t\t<div class=\"elementor-widget-wrap elementor-element-populated\">\n\t\t\t\t\t\t<div class=\"elementor-element elementor-element-32ea9b2e elementor-widget-divider--view-line_text elementor-widget-divider--element-align-right elementor-widget elementor-widget-divider\" data-id=\"32ea9b2e\" data-element_type=\"widget\" data-widget_type=\"divider.default\">\n\t\t\t\t<div class=\"elementor-widget-container\">\n\t\t\t\t\t\t\t<div class=\"elementor-divider\">\n\t\t\t<span class=\"elementor-divider-separator\">\n\t\t\t\t\t\t\t<h1 class=\"elementor-divider__text elementor-divider__element\">\n\t\t\t\tPortfolio\t\t\t\t<\/h1>\n\t\t\t\t\t\t<\/span>\n\t\t<\/div>\n\t\t\t\t\t\t<\/div>\n\t\t\t\t<\/div>\n\t\t\t\t<div class=\"elementor-element elementor-element-965d217 elementor-nav-menu__align-end elementor-nav-menu--dropdown-none elementor-widget elementor-widget-nav-menu\" data-id=\"965d217\" data-element_type=\"widget\" data-settings=\"{&quot;layout&quot;:&quot;vertical&quot;,&quot;submenu_icon&quot;:{&quot;value&quot;:&quot;&lt;i class=\\&quot;fas fa-caret-down\\&quot;&gt;&lt;\\\/i&gt;&quot;,&quot;library&quot;:&quot;fa-solid&quot;}}\" data-widget_type=\"nav-menu.default\">\n\t\t\t\t<div class=\"elementor-widget-container\">\n\t\t\t\t\t\t\t\t<nav aria-label=\"Men\u00fa\" class=\"elementor-nav-menu--main elementor-nav-menu__container elementor-nav-menu--layout-vertical e--pointer-none\">\n\t\t\t\t<ul id=\"menu-1-965d217\" class=\"elementor-nav-menu sm-vertical\"><li class=\"menu-item menu-item-type-post_type menu-item-object-page menu-item-1535\"><a href=\"https:\/\/www.ivanfotografo.es\/en\/scene\/\" class=\"elementor-item\">Scene<\/a><\/li>\n<li class=\"menu-item menu-item-type-post_type menu-item-object-page menu-item-1644\"><a href=\"https:\/\/www.ivanfotografo.es\/en\/wildlife\/\" class=\"elementor-item\">Reply<\/a><\/li>\n<li class=\"menu-item menu-item-type-post_type menu-item-object-page menu-item-1773\"><a href=\"https:\/\/www.ivanfotografo.es\/en\/projects\/\" class=\"elementor-item\">Project<\/a><\/li>\n<li class=\"menu-item menu-item-type-post_type menu-item-object-page menu-item-1536\"><a href=\"https:\/\/www.ivanfotografo.es\/en\/recent\/\" class=\"elementor-item\">Present<\/a><\/li>\n<li class=\"menu-item menu-item-type-post_type menu-item-object-page menu-item-1617\"><a href=\"https:\/\/www.ivanfotografo.es\/en\/contact\/\" class=\"elementor-item\">Contact<\/a><\/li>\n<\/ul>\t\t\t<\/nav>\n\t\t\t\t\t\t<nav class=\"elementor-nav-menu--dropdown elementor-nav-menu__container\" aria-hidden=\"true\">\n\t\t\t\t<ul id=\"menu-2-965d217\" class=\"elementor-nav-menu sm-vertical\"><li class=\"menu-item menu-item-type-post_type menu-item-object-page menu-item-1535\"><a href=\"https:\/\/www.ivanfotografo.es\/en\/scene\/\" class=\"elementor-item\" tabindex=\"-1\">Scene<\/a><\/li>\n<li class=\"menu-item menu-item-type-post_type menu-item-object-page menu-item-1644\"><a href=\"https:\/\/www.ivanfotografo.es\/en\/wildlife\/\" class=\"elementor-item\" tabindex=\"-1\">Reply<\/a><\/li>\n<li class=\"menu-item menu-item-type-post_type menu-item-object-page menu-item-1773\"><a href=\"https:\/\/www.ivanfotografo.es\/en\/projects\/\" class=\"elementor-item\" tabindex=\"-1\">Project<\/a><\/li>\n<li class=\"menu-item menu-item-type-post_type menu-item-object-page menu-item-1536\"><a href=\"https:\/\/www.ivanfotografo.es\/en\/recent\/\" class=\"elementor-item\" tabindex=\"-1\">Present<\/a><\/li>\n<li class=\"menu-item menu-item-type-post_type menu-item-object-page menu-item-1617\"><a href=\"https:\/\/www.ivanfotografo.es\/en\/contact\/\" class=\"elementor-item\" tabindex=\"-1\">Contact<\/a><\/li>\n<\/ul>\t\t\t<\/nav>\n\t\t\t\t\t\t<\/div>\n\t\t\t\t<\/div>\n\t\t\t\t\t<\/div>\n\t\t<\/div>\n\t\t\t\t\t<\/div>\n\t\t<\/section>\n\t\t\t\t<div class=\"elementor-element elementor-element-5394a2d2 elementor-widget__width-auto elementor-absolute elementor-widget elementor-widget-button\" data-id=\"5394a2d2\" data-element_type=\"widget\" data-settings=\"{&quot;_position&quot;:&quot;absolute&quot;}\" data-widget_type=\"button.default\">\n\t\t\t\t<div class=\"elementor-widget-container\">\n\t\t\t\t\t\t\t\t\t<div class=\"elementor-button-wrapper\">\n\t\t\t\t\t<a class=\"elementor-button elementor-button-link elementor-size-sm\" href=\"#down\">\n\t\t\t\t\t\t<span class=\"elementor-button-content-wrapper\">\n\t\t\t\t\t\t<span class=\"elementor-button-icon\">\n\t\t\t\t<svg xmlns=\"http:\/\/www.w3.org\/2000\/svg\" id=\"ec6ca7c9-bfc0-4ab1-87c3-ea5e815431b5\" data-name=\"Layer 1\" width=\"14.4853\" height=\"44.2426\" viewbox=\"0 0 14.4853 44.2426\"><title>Arrow-home<\/title><polygon points=\"13.071 35.454 8.242 40.283 8.243 0 6.243 0 6.242 40.585 1.414 35.757 0 37.172 7.071 44.243 7.394 43.919 7.414 43.94 14.485 36.868 13.071 35.454\" style=\"fill-rule:evenodd\"><\/polygon><\/svg>\t\t\t<\/span>\n\t\t\t\t\t\t\t\t<\/span>\n\t\t\t\t\t<\/a>\n\t\t\t\t<\/div>\n\t\t\t\t\t\t\t\t<\/div>\n\t\t\t\t<\/div>\n\t\t\t\t\t<\/div>\n\t\t<\/div>\n\t\t\t\t\t<\/div>\n\t\t<\/section>\n\t\t\t\t<section class=\"elementor-section elementor-top-section elementor-element elementor-element-59d446e9 elementor-section-full_width elementor-section-height-min-height elementor-section-items-stretch elementor-section-height-default\" data-id=\"59d446e9\" data-element_type=\"section\">\n\t\t\t\t\t\t<div class=\"elementor-container elementor-column-gap-default\">\n\t\t\t\t\t<div class=\"elementor-column elementor-col-100 elementor-top-column elementor-element elementor-element-11a366f1\" data-id=\"11a366f1\" data-element_type=\"column\" data-settings=\"{&quot;background_background&quot;:&quot;classic&quot;}\">\n\t\t\t<div class=\"elementor-widget-wrap elementor-element-populated\">\n\t\t\t\t\t\t<div class=\"elementor-element elementor-element-2ba0bc49 elementor-absolute elementor-widget elementor-widget-menu-anchor\" data-id=\"2ba0bc49\" data-element_type=\"widget\" data-settings=\"{&quot;_position&quot;:&quot;absolute&quot;}\" data-widget_type=\"menu-anchor.default\">\n\t\t\t\t<div class=\"elementor-widget-container\">\n\t\t\t\t\t\t\t<div class=\"elementor-menu-anchor\" id=\"down\"><\/div>\n\t\t\t\t\t\t<\/div>\n\t\t\t\t<\/div>\n\t\t\t\t<div class=\"elementor-element elementor-element-4e1bded0 elementor-cta--skin-cover elementor-cta--valign-middle elementor-animated-content elementor-widget elementor-widget-call-to-action\" data-id=\"4e1bded0\" data-element_type=\"widget\" data-widget_type=\"call-to-action.default\">\n\t\t\t\t<div class=\"elementor-widget-container\">\n\t\t\t\t\t\t\t<a class=\"elementor-cta\" href=\"https:\/\/www.ivanfotografo.es\/en\/scene\/\">\n\t\t\t\t\t<div class=\"elementor-cta__bg-wrapper\">\n\t\t\t\t<div class=\"elementor-cta__bg elementor-bg\" style=\"background-image: url(https:\/\/www.ivanfotografo.es\/wp-content\/uploads\/2023\/09\/scheherezade-maria-pages_6229.jpg);\" role=\"img\" aria-label=\"SCHEHEREZADE MARIA PAGES_6229\"><\/div>\n\t\t\t\t<div class=\"elementor-cta__bg-overlay\"><\/div>\n\t\t\t<\/div>\n\t\t\t\t\t\t\t<div class=\"elementor-cta__content\">\n\t\t\t\t\n\t\t\t\t\n\t\t\t\t\n\t\t\t\t\t\t\t\t\t<div class=\"elementor-cta__button-wrapper elementor-cta__content-item elementor-content-item elementor-animated-item--grow\">\n\t\t\t\t\t<span class=\"elementor-cta__button elementor-button elementor-size-\">\n\t\t\t\t\t\t<h2>Scene<\/h2>\t\t\t\t\t<\/span>\n\t\t\t\t\t<\/div>\n\t\t\t\t\t\t\t<\/div>\n\t\t\t\t\t\t<\/a>\n\t\t\t\t\t\t<\/div>\n\t\t\t\t<\/div>\n\t\t\t\t\t<\/div>\n\t\t<\/div>\n\t\t\t\t\t<\/div>\n\t\t<\/section>\n\t\t\t\t<section class=\"elementor-section elementor-top-section elementor-element elementor-element-a38fc8a elementor-section-full_width elementor-section-height-min-height elementor-section-items-stretch elementor-section-height-default\" data-id=\"a38fc8a\" data-element_type=\"section\">\n\t\t\t\t\t\t<div class=\"elementor-container elementor-column-gap-default\">\n\t\t\t\t\t<div class=\"elementor-column elementor-col-100 elementor-top-column elementor-element elementor-element-de9dc9e\" data-id=\"de9dc9e\" data-element_type=\"column\" data-settings=\"{&quot;background_background&quot;:&quot;classic&quot;}\">\n\t\t\t<div class=\"elementor-widget-wrap elementor-element-populated\">\n\t\t\t\t\t\t<div class=\"elementor-element elementor-element-87983df elementor-absolute elementor-widget elementor-widget-menu-anchor\" data-id=\"87983df\" data-element_type=\"widget\" data-settings=\"{&quot;_position&quot;:&quot;absolute&quot;}\" data-widget_type=\"menu-anchor.default\">\n\t\t\t\t<div class=\"elementor-widget-container\">\n\t\t\t\t\t\t\t<div class=\"elementor-menu-anchor\" id=\"down\"><\/div>\n\t\t\t\t\t\t<\/div>\n\t\t\t\t<\/div>\n\t\t\t\t<div class=\"elementor-element elementor-element-f809194 elementor-cta--skin-cover elementor-cta--valign-top elementor-animated-content elementor-widget elementor-widget-call-to-action\" data-id=\"f809194\" data-element_type=\"widget\" data-widget_type=\"call-to-action.default\">\n\t\t\t\t<div class=\"elementor-widget-container\">\n\t\t\t\t\t\t\t<a class=\"elementor-cta\" href=\"https:\/\/www.ivanfotografo.es\/en\/wildlife\/\">\n\t\t\t\t\t<div class=\"elementor-cta__bg-wrapper\">\n\t\t\t\t<div class=\"elementor-cta__bg elementor-bg\" style=\"background-image: url(https:\/\/www.ivanfotografo.es\/wp-content\/uploads\/2023\/09\/imf_4802.jpg);\" role=\"img\" aria-label=\"IMF_4802\"><\/div>\n\t\t\t\t<div class=\"elementor-cta__bg-overlay\"><\/div>\n\t\t\t<\/div>\n\t\t\t\t\t\t\t<div class=\"elementor-cta__content\">\n\t\t\t\t\n\t\t\t\t\n\t\t\t\t\n\t\t\t\t\t\t\t\t\t<div class=\"elementor-cta__button-wrapper elementor-cta__content-item elementor-content-item elementor-animated-item--grow\">\n\t\t\t\t\t<span class=\"elementor-cta__button elementor-button elementor-size-\">\n\t\t\t\t\t\t<h2>Reply<\/h2>\t\t\t\t\t<\/span>\n\t\t\t\t\t<\/div>\n\t\t\t\t\t\t\t<\/div>\n\t\t\t\t\t\t<\/a>\n\t\t\t\t\t\t<\/div>\n\t\t\t\t<\/div>\n\t\t\t\t\t<\/div>\n\t\t<\/div>\n\t\t\t\t\t<\/div>\n\t\t<\/section>\n\t\t\t\t<section class=\"elementor-section elementor-top-section elementor-element elementor-element-10891923 elementor-section-full_width elementor-section-height-min-height elementor-section-items-stretch elementor-section-height-default\" data-id=\"10891923\" data-element_type=\"section\">\n\t\t\t\t\t\t<div class=\"elementor-container elementor-column-gap-default\">\n\t\t\t\t\t<div class=\"elementor-column elementor-col-100 elementor-top-column elementor-element elementor-element-3858a25d\" data-id=\"3858a25d\" data-element_type=\"column\" data-settings=\"{&quot;background_background&quot;:&quot;classic&quot;}\">\n\t\t\t<div class=\"elementor-widget-wrap elementor-element-populated\">\n\t\t\t\t\t\t<div class=\"elementor-element elementor-element-1e85b077 elementor-cta--skin-cover elementor-cta--valign-top elementor-animated-content elementor-widget elementor-widget-call-to-action\" data-id=\"1e85b077\" data-element_type=\"widget\" data-widget_type=\"call-to-action.default\">\n\t\t\t\t<div class=\"elementor-widget-container\">\n\t\t\t\t\t\t\t<div class=\"elementor-cta\">\n\t\t\t\t\t<div class=\"elementor-cta__bg-wrapper\">\n\t\t\t\t<div class=\"elementor-cta__bg elementor-bg\" style=\"background-image: url(https:\/\/www.ivanfotografo.es\/wp-content\/uploads\/2023\/09\/niebla-munas-vid_7044.jpg);\" role=\"img\" aria-label=\"FOG MU\u00d1AS VID_7044\"><\/div>\n\t\t\t\t<div class=\"elementor-cta__bg-overlay\"><\/div>\n\t\t\t<\/div>\n\t\t\t\t\t\t\t<div class=\"elementor-cta__content\">\n\t\t\t\t\n\t\t\t\t\n\t\t\t\t\n\t\t\t\t\t\t\t\t\t<div class=\"elementor-cta__button-wrapper elementor-cta__content-item elementor-content-item elementor-animated-item--grow\">\n\t\t\t\t\t<a class=\"elementor-cta__button elementor-button elementor-size-\">\n\t\t\t\t\t\t<h2>Landscape<\/h2>\t\t\t\t\t<\/a>\n\t\t\t\t\t<\/div>\n\t\t\t\t\t\t\t<\/div>\n\t\t\t\t\t\t<\/div>\n\t\t\t\t\t\t<\/div>\n\t\t\t\t<\/div>\n\t\t\t\t\t<\/div>\n\t\t<\/div>\n\t\t\t\t\t<\/div>\n\t\t<\/section>\n\t\t\t\t<section class=\"elementor-section elementor-top-section elementor-element elementor-element-287a6986 elementor-section-full_width elementor-section-height-min-height elementor-section-items-stretch elementor-section-height-default\" data-id=\"287a6986\" data-element_type=\"section\">\n\t\t\t\t\t\t<div class=\"elementor-container elementor-column-gap-default\">\n\t\t\t\t\t<div class=\"elementor-column elementor-col-100 elementor-top-column elementor-element elementor-element-6c4e9bb6\" data-id=\"6c4e9bb6\" data-element_type=\"column\" data-settings=\"{&quot;background_background&quot;:&quot;classic&quot;}\">\n\t\t\t<div class=\"elementor-widget-wrap elementor-element-populated\">\n\t\t\t\t\t\t<div class=\"elementor-element elementor-element-248dc09d elementor-cta--skin-cover elementor-cta--valign-bottom elementor-animated-content elementor-widget elementor-widget-call-to-action\" data-id=\"248dc09d\" data-element_type=\"widget\" data-widget_type=\"call-to-action.default\">\n\t\t\t\t<div class=\"elementor-widget-container\">\n\t\t\t\t\t\t\t<a class=\"elementor-cta\" href=\"https:\/\/www.ivanfotografo.es\/en\/recent\/\">\n\t\t\t\t\t<div class=\"elementor-cta__bg-wrapper\">\n\t\t\t\t<div class=\"elementor-cta__bg elementor-bg\" style=\"background-image: url(https:\/\/www.ivanfotografo.es\/wp-content\/uploads\/2023\/09\/dia-bandera_6477.jpg);\" role=\"img\" aria-label=\"FLAG DAY_6477\"><\/div>\n\t\t\t\t<div class=\"elementor-cta__bg-overlay\"><\/div>\n\t\t\t<\/div>\n\t\t\t\t\t\t\t<div class=\"elementor-cta__content\">\n\t\t\t\t\n\t\t\t\t\n\t\t\t\t\n\t\t\t\t\t\t\t\t\t<div class=\"elementor-cta__button-wrapper elementor-cta__content-item elementor-content-item elementor-animated-item--grow\">\n\t\t\t\t\t<span class=\"elementor-cta__button elementor-button elementor-size-\">\n\t\t\t\t\t\t<h2>Present<\/h2>\t\t\t\t\t<\/span>\n\t\t\t\t\t<\/div>\n\t\t\t\t\t\t\t<\/div>\n\t\t\t\t\t\t<\/a>\n\t\t\t\t\t\t<\/div>\n\t\t\t\t<\/div>\n\t\t\t\t\t<\/div>\n\t\t<\/div>\n\t\t\t\t\t<\/div>\n\t\t<\/section>\n\t\t\t\t<\/div>","protected":false},"excerpt":{"rendered":"<p>Portfolio Arrow-home Scene Repor Landscape News<\/p>","protected":false},"author":4,"featured_media":1482,"parent":0,"menu_order":2,"comment_status":"closed","ping_status":"closed","template":"elementor_header_footer","meta":{"footnotes":""},"class_list":["post-1336","page","type-page","status-publish","has-post-thumbnail","hentry"],"yoast_head":"<!-- This site is optimized with the Yoast SEO plugin v24.4 - https:\/\/yoast.com\/wordpress\/plugins\/seo\/ -->\n<title>Iv\u00e1n Mart\u00ednez | Fot\u00f3grafo<\/title>\n<meta name=\"robots\" content=\"index, follow, max-snippet:-1, max-image-preview:large, max-video-preview:-1\" \/>\n<link rel=\"canonical\" href=\"https:\/\/www.ivanfotografo.es\/en\" \/>\n<meta property=\"og:locale\" content=\"en_US\" \/>\n<meta property=\"og:type\" content=\"article\" \/>\n<meta property=\"og:title\" content=\"Iv\u00e1n Mart\u00ednez | Fot\u00f3grafo\" \/>\n<meta property=\"og:description\" content=\"Portfolio Arrow-home Escena Repor Landscape Actualidad\" \/>\n<meta property=\"og:url\" content=\"https:\/\/www.ivanfotografo.es\/en\" \/>\n<meta property=\"og:site_name\" content=\"Iv\u00e1n Fot\u00f3grafo\" \/>\n<meta property=\"article:modified_time\" content=\"2024-12-02T19:00:35+00:00\" \/>\n<meta property=\"og:image\" content=\"https:\/\/www.ivanfotografo.es\/wp-content\/uploads\/2023\/09\/scheherezade-maria-pages_6229.jpg\" \/>\n\t<meta property=\"og:image:width\" content=\"2100\" \/>\n\t<meta property=\"og:image:height\" content=\"1402\" \/>\n\t<meta property=\"og:image:type\" content=\"image\/jpeg\" \/>\n<meta name=\"twitter:card\" content=\"summary_large_image\" \/>\n<script type=\"application\/ld+json\" class=\"yoast-schema-graph\">{\"@context\":\"https:\/\/schema.org\",\"@graph\":[{\"@type\":\"WebPage\",\"@id\":\"https:\/\/www.ivanfotografo.es\/\",\"url\":\"https:\/\/www.ivanfotografo.es\/\",\"name\":\"Iv\u00e1n Mart\u00ednez | Fot\u00f3grafo\",\"isPartOf\":{\"@id\":\"https:\/\/www.ivanfotografo.es\/#website\"},\"primaryImageOfPage\":{\"@id\":\"https:\/\/www.ivanfotografo.es\/#primaryimage\"},\"image\":{\"@id\":\"https:\/\/www.ivanfotografo.es\/#primaryimage\"},\"thumbnailUrl\":\"https:\/\/www.ivanfotografo.es\/wp-content\/uploads\/2023\/09\/scheherezade-maria-pages_6229.jpg\",\"datePublished\":\"2023-09-27T11:05:33+00:00\",\"dateModified\":\"2024-12-02T19:00:35+00:00\",\"breadcrumb\":{\"@id\":\"https:\/\/www.ivanfotografo.es\/#breadcrumb\"},\"inLanguage\":\"en-US\",\"potentialAction\":[{\"@type\":\"ReadAction\",\"target\":[\"https:\/\/www.ivanfotografo.es\/\"]}]},{\"@type\":\"ImageObject\",\"inLanguage\":\"en-US\",\"@id\":\"https:\/\/www.ivanfotografo.es\/#primaryimage\",\"url\":\"https:\/\/www.ivanfotografo.es\/wp-content\/uploads\/2023\/09\/scheherezade-maria-pages_6229.jpg\",\"contentUrl\":\"https:\/\/www.ivanfotografo.es\/wp-content\/uploads\/2023\/09\/scheherezade-maria-pages_6229.jpg\",\"width\":2100,\"height\":1402},{\"@type\":\"BreadcrumbList\",\"@id\":\"https:\/\/www.ivanfotografo.es\/#breadcrumb\",\"itemListElement\":[{\"@type\":\"ListItem\",\"position\":1,\"name\":\"Inicio\",\"item\":\"https:\/\/www.ivanfotografo.es\/\"},{\"@type\":\"ListItem\",\"position\":2,\"name\":\"Home\"}]},{\"@type\":\"WebSite\",\"@id\":\"https:\/\/www.ivanfotografo.es\/#website\",\"url\":\"https:\/\/www.ivanfotografo.es\/\",\"name\":\"Iv\u00e1n Fot\u00f3grafo\",\"description\":\"Iv\u00e1n Mart\u00ednez\",\"publisher\":{\"@id\":\"https:\/\/www.ivanfotografo.es\/#organization\"},\"potentialAction\":[{\"@type\":\"SearchAction\",\"target\":{\"@type\":\"EntryPoint\",\"urlTemplate\":\"https:\/\/www.ivanfotografo.es\/?s={search_term_string}\"},\"query-input\":{\"@type\":\"PropertyValueSpecification\",\"valueRequired\":true,\"valueName\":\"search_term_string\"}}],\"inLanguage\":\"en-US\"},{\"@type\":\"Organization\",\"@id\":\"https:\/\/www.ivanfotografo.es\/#organization\",\"name\":\"Iv\u00e1n Fot\u00f3grafo\",\"url\":\"https:\/\/www.ivanfotografo.es\/\",\"logo\":{\"@type\":\"ImageObject\",\"inLanguage\":\"en-US\",\"@id\":\"https:\/\/www.ivanfotografo.es\/#\/schema\/logo\/image\/\",\"url\":\"https:\/\/www.ivanfotografo.es\/wp-content\/uploads\/2023\/09\/logo-ivan3-2.svg\",\"contentUrl\":\"https:\/\/www.ivanfotografo.es\/wp-content\/uploads\/2023\/09\/logo-ivan3-2.svg\",\"width\":1212,\"height\":100,\"caption\":\"Iv\u00e1n Fot\u00f3grafo\"},\"image\":{\"@id\":\"https:\/\/www.ivanfotografo.es\/#\/schema\/logo\/image\/\"}}]}<\/script>\n<!-- \/ Yoast SEO plugin. -->","yoast_head_json":{"title":"Iv\u00e1n Mart\u00ednez | Fot\u00f3grafo","robots":{"index":"index","follow":"follow","max-snippet":"max-snippet:-1","max-image-preview":"max-image-preview:large","max-video-preview":"max-video-preview:-1"},"canonical":"https:\/\/www.ivanfotografo.es\/en","og_locale":"en_US","og_type":"article","og_title":"Iv\u00e1n Mart\u00ednez | Fot\u00f3grafo","og_description":"Portfolio Arrow-home Escena Repor Landscape Actualidad","og_url":"https:\/\/www.ivanfotografo.es\/en","og_site_name":"Iv\u00e1n Fot\u00f3grafo","article_modified_time":"2024-12-02T19:00:35+00:00","og_image":[{"width":2100,"height":1402,"url":"https:\/\/www.ivanfotografo.es\/wp-content\/uploads\/2023\/09\/scheherezade-maria-pages_6229.jpg","type":"image\/jpeg"}],"twitter_card":"summary_large_image","schema":{"@context":"https:\/\/schema.org","@graph":[{"@type":"WebPage","@id":"https:\/\/www.ivanfotografo.es\/","url":"https:\/\/www.ivanfotografo.es\/","name":"Iv\u00e1n Mart\u00ednez | Fot\u00f3grafo","isPartOf":{"@id":"https:\/\/www.ivanfotografo.es\/#website"},"primaryImageOfPage":{"@id":"https:\/\/www.ivanfotografo.es\/#primaryimage"},"image":{"@id":"https:\/\/www.ivanfotografo.es\/#primaryimage"},"thumbnailUrl":"https:\/\/www.ivanfotografo.es\/wp-content\/uploads\/2023\/09\/scheherezade-maria-pages_6229.jpg","datePublished":"2023-09-27T11:05:33+00:00","dateModified":"2024-12-02T19:00:35+00:00","breadcrumb":{"@id":"https:\/\/www.ivanfotografo.es\/#breadcrumb"},"inLanguage":"en-US","potentialAction":[{"@type":"ReadAction","target":["https:\/\/www.ivanfotografo.es\/"]}]},{"@type":"ImageObject","inLanguage":"en-US","@id":"https:\/\/www.ivanfotografo.es\/#primaryimage","url":"https:\/\/www.ivanfotografo.es\/wp-content\/uploads\/2023\/09\/scheherezade-maria-pages_6229.jpg","contentUrl":"https:\/\/www.ivanfotografo.es\/wp-content\/uploads\/2023\/09\/scheherezade-maria-pages_6229.jpg","width":2100,"height":1402},{"@type":"BreadcrumbList","@id":"https:\/\/www.ivanfotografo.es\/#breadcrumb","itemListElement":[{"@type":"ListItem","position":1,"name":"Inicio","item":"https:\/\/www.ivanfotografo.es\/"},{"@type":"ListItem","position":2,"name":"Home"}]},{"@type":"WebSite","@id":"https:\/\/www.ivanfotografo.es\/#website","url":"https:\/\/www.ivanfotografo.es\/","name":"Iv\u00e1n Fot\u00f3grafo","description":"Iv\u00e1n Mart\u00ednez","publisher":{"@id":"https:\/\/www.ivanfotografo.es\/#organization"},"potentialAction":[{"@type":"SearchAction","target":{"@type":"EntryPoint","urlTemplate":"https:\/\/www.ivanfotografo.es\/?s={search_term_string}"},"query-input":{"@type":"PropertyValueSpecification","valueRequired":true,"valueName":"search_term_string"}}],"inLanguage":"en-US"},{"@type":"Organization","@id":"https:\/\/www.ivanfotografo.es\/#organization","name":"Iv\u00e1n Fot\u00f3grafo","url":"https:\/\/www.ivanfotografo.es\/","logo":{"@type":"ImageObject","inLanguage":"en-US","@id":"https:\/\/www.ivanfotografo.es\/#\/schema\/logo\/image\/","url":"https:\/\/www.ivanfotografo.es\/wp-content\/uploads\/2023\/09\/logo-ivan3-2.svg","contentUrl":"https:\/\/www.ivanfotografo.es\/wp-content\/uploads\/2023\/09\/logo-ivan3-2.svg","width":1212,"height":100,"caption":"Iv\u00e1n Fot\u00f3grafo"},"image":{"@id":"https:\/\/www.ivanfotografo.es\/#\/schema\/logo\/image\/"}}]}},"_links":{"self":[{"href":"https:\/\/www.ivanfotografo.es\/en\/wp-json\/wp\/v2\/pages\/1336","targetHints":{"allow":["GET"]}}],"collection":[{"href":"https:\/\/www.ivanfotografo.es\/en\/wp-json\/wp\/v2\/pages"}],"about":[{"href":"https:\/\/www.ivanfotografo.es\/en\/wp-json\/wp\/v2\/types\/page"}],"author":[{"embeddable":true,"href":"https:\/\/www.ivanfotografo.es\/en\/wp-json\/wp\/v2\/users\/4"}],"replies":[{"embeddable":true,"href":"https:\/\/www.ivanfotografo.es\/en\/wp-json\/wp\/v2\/comments?post=1336"}],"version-history":[{"count":5,"href":"https:\/\/www.ivanfotografo.es\/en\/wp-json\/wp\/v2\/pages\/1336\/revisions"}],"predecessor-version":[{"id":1790,"href":"https:\/\/www.ivanfotografo.es\/en\/wp-json\/wp\/v2\/pages\/1336\/revisions\/1790"}],"wp:featuredmedia":[{"embeddable":true,"href":"https:\/\/www.ivanfotografo.es\/en\/wp-json\/wp\/v2\/media\/1482"}],"wp:attachment":[{"href":"https:\/\/www.ivanfotografo.es\/en\/wp-json\/wp\/v2\/media?parent=1336"}],"curies":[{"name":"wp","href":"https:\/\/api.w.org\/{rel}","templated":true}]}}