{"id":323,"date":"2023-03-28T11:42:16","date_gmt":"2023-03-28T09:42:16","guid":{"rendered":"https:\/\/www.ivanfotografo.es\/mapa-del-sitio-2\/"},"modified":"2023-09-27T14:32:52","modified_gmt":"2023-09-27T12:32:52","slug":"mapa-del-sitio","status":"publish","type":"page","link":"https:\/\/www.ivanfotografo.es\/en\/site-map\/","title":{"rendered":"Site Map"},"content":{"rendered":"<div data-elementor-type=\"wp-page\" data-elementor-id=\"323\" class=\"elementor elementor-323\" data-elementor-post-type=\"page\">\n\t\t\t\t\t\t<section class=\"elementor-section elementor-top-section elementor-element elementor-element-3793518b elementor-section-full_width elementor-section-height-default elementor-section-height-default\" data-id=\"3793518b\" data-element_type=\"section\" data-settings=\"{&quot;background_background&quot;:&quot;classic&quot;,&quot;background_motion_fx_motion_fx_scrolling&quot;:&quot;yes&quot;,&quot;background_motion_fx_devices&quot;:[&quot;desktop&quot;,&quot;tablet&quot;,&quot;mobile&quot;]}\">\n\t\t\t\t\t\t\t<div class=\"elementor-background-overlay\"><\/div>\n\t\t\t\t\t\t\t<div class=\"elementor-container elementor-column-gap-no\">\n\t\t\t\t\t<div class=\"elementor-column elementor-col-100 elementor-top-column elementor-element elementor-element-448b4c88\" data-id=\"448b4c88\" data-element_type=\"column\" data-settings=\"{&quot;background_background&quot;:&quot;classic&quot;}\">\n\t\t\t<div class=\"elementor-widget-wrap elementor-element-populated\">\n\t\t\t\t\t\t<div class=\"elementor-element elementor-element-81ec041 elementor-widget__width-auto elementor-mobile-align-center elementor-widget-mobile__width-auto elementor-widget elementor-widget-breadcrumbs\" data-id=\"81ec041\" data-element_type=\"widget\" data-widget_type=\"breadcrumbs.default\">\n\t\t\t\t<div class=\"elementor-widget-container\">\n\t\t\t\t\t<p id=\"breadcrumbs\"><span><span><a href=\"https:\/\/www.ivanfotografo.es\/en\">Start<\/a><\/span><\/span><\/p>\t\t\t\t<\/div>\n\t\t\t\t<\/div>\n\t\t\t\t<div class=\"elementor-element elementor-element-636aff67 elementor-invisible elementor-widget elementor-widget-heading\" data-id=\"636aff67\" data-element_type=\"widget\" data-settings=\"{&quot;_animation&quot;:&quot;fadeInLeft&quot;}\" data-widget_type=\"heading.default\">\n\t\t\t\t<div class=\"elementor-widget-container\">\n\t\t\t\t\t<h1 class=\"elementor-heading-title elementor-size-default\">SITE MAP<\/h1>\t\t\t\t<\/div>\n\t\t\t\t<\/div>\n\t\t\t\t<div class=\"elementor-element elementor-element-39de77fb elementor-widget elementor-widget-text-editor\" data-id=\"39de77fb\" data-element_type=\"widget\" data-widget_type=\"text-editor.default\">\n\t\t\t\t<div class=\"elementor-widget-container\">\n\t\t\t\t\t\t\t\t\t<p style=\"text-align: center;\">Information about the internal structure of the site, the pages and their distribution in menus<\/p>\t\t\t\t\t\t\t\t<\/div>\n\t\t\t\t<\/div>\n\t\t\t\t\t<\/div>\n\t\t<\/div>\n\t\t\t\t\t<\/div>\n\t\t<\/section>\n\t\t\t\t<section class=\"elementor-section elementor-top-section elementor-element elementor-element-424fd81d elementor-section-boxed elementor-section-height-default elementor-section-height-default\" data-id=\"424fd81d\" data-element_type=\"section\">\n\t\t\t\t\t\t<div class=\"elementor-container elementor-column-gap-default\">\n\t\t\t\t\t<div class=\"elementor-column elementor-col-25 elementor-top-column elementor-element elementor-element-76781787\" data-id=\"76781787\" data-element_type=\"column\">\n\t\t\t<div class=\"elementor-widget-wrap elementor-element-populated\">\n\t\t\t\t\t\t<div class=\"elementor-element elementor-element-178bf973 elementor-widget elementor-widget-sitemap\" data-id=\"178bf973\" data-element_type=\"widget\" data-widget_type=\"sitemap.default\">\n\t\t\t\t<div class=\"elementor-widget-container\">\n\t\t\t\t\t<div class=\"elementor-sitemap-wrap\"><div class=\"elementor-sitemap-section\"><h2 class=\"elementor-sitemap-title elementor-sitemap-page-title\">Pages<\/h2><ul class=\"elementor-sitemap-list elementor-sitemap-page-list\"><li class=\"elementor-sitemap-item elementor-sitemap-item-page page_item page-item-1767\"><a rel=\"nofollow\" href=\"https:\/\/www.ivanfotografo.es\/en\/projects\/\">Project<\/a><\/li><li class=\"elementor-sitemap-item elementor-sitemap-item-page page_item page-item-1336\"><a rel=\"nofollow\" href=\"https:\/\/www.ivanfotografo.es\/en\">home<\/a><\/li><li class=\"elementor-sitemap-item elementor-sitemap-item-page page_item page-item-1307\"><a rel=\"nofollow\" href=\"https:\/\/www.ivanfotografo.es\/en\/scene\/\">Scene<\/a><\/li><li class=\"elementor-sitemap-item elementor-sitemap-item-page page_item page-item-1642\"><a rel=\"nofollow\" href=\"https:\/\/www.ivanfotografo.es\/en\/wildlife\/\">Urban<\/a><\/li><li class=\"elementor-sitemap-item elementor-sitemap-item-page page_item page-item-1279\"><a rel=\"nofollow\" href=\"https:\/\/www.ivanfotografo.es\/en\/recent\/\">Recent<\/a><\/li><li class=\"elementor-sitemap-item elementor-sitemap-item-page page_item page-item-311\"><a rel=\"nofollow\" href=\"https:\/\/www.ivanfotografo.es\/en\/legal-notice\/\">Legal warning<\/a><\/li><li class=\"elementor-sitemap-item elementor-sitemap-item-page page_item page-item-315\"><a rel=\"nofollow\" href=\"https:\/\/www.ivanfotografo.es\/en\/privacy-policy\/\">Privacy Policy<\/a><\/li><li class=\"elementor-sitemap-item elementor-sitemap-item-page page_item page-item-1204\"><a rel=\"nofollow\" href=\"https:\/\/www.ivanfotografo.es\/en\/fluttering-birds\/\">Fluttering Birds<\/a><\/li><li class=\"elementor-sitemap-item elementor-sitemap-item-page page_item page-item-319\"><a rel=\"nofollow\" href=\"https:\/\/www.ivanfotografo.es\/en\/cookies-policy\/\">Cookies policy<\/a><\/li><li class=\"elementor-sitemap-item elementor-sitemap-item-page page_item page-item-327\"><a rel=\"nofollow\" href=\"https:\/\/www.ivanfotografo.es\/en\/accessibility\/\">Accessibility<\/a><\/li><li class=\"elementor-sitemap-item elementor-sitemap-item-page page_item page-item-1159\"><a rel=\"nofollow\" href=\"https:\/\/www.ivanfotografo.es\/en\/contact\/\">Contact<\/a><\/li><li class=\"elementor-sitemap-item elementor-sitemap-item-page page_item page-item-1155\"><a rel=\"nofollow\" href=\"https:\/\/www.ivanfotografo.es\/en\/about\/\">About<\/a><\/li><li class=\"elementor-sitemap-item elementor-sitemap-item-page page_item page-item-122\"><a rel=\"nofollow\" href=\"https:\/\/www.ivanfotografo.es\/en\/site-map-2\/\">Site Map<\/a><\/li><li class=\"elementor-sitemap-item elementor-sitemap-item-page page_item page-item-323\"><a rel=\"nofollow\" href=\"https:\/\/www.ivanfotografo.es\/en\/site-map\/\">Site Map<\/a><\/li><li class=\"elementor-sitemap-item elementor-sitemap-item-page page_item page-item-1128\"><a rel=\"nofollow\" href=\"https:\/\/www.ivanfotografo.es\/en\/black-and-white-portraits\/\">Black and White Portraits.<\/a><\/li><li class=\"elementor-sitemap-item elementor-sitemap-item-page page_item page-item-1105\"><a rel=\"nofollow\" href=\"https:\/\/www.ivanfotografo.es\/en\/vivid-parrots\/\">Vivid Parrots<\/a><\/li><li class=\"elementor-sitemap-item elementor-sitemap-item-page page_item page-item-448\"><a rel=\"nofollow\" href=\"https:\/\/www.ivanfotografo.es\/en\/services\/\">Services<\/a><\/li><li class=\"elementor-sitemap-item elementor-sitemap-item-page page_item page-item-450\"><a rel=\"nofollow\" href=\"https:\/\/www.ivanfotografo.es\/en\/us\/\">About us<\/a><\/li><\/ul><\/div><\/div>\t\t\t\t<\/div>\n\t\t\t\t<\/div>\n\t\t\t\t\t<\/div>\n\t\t<\/div>\n\t\t\t\t<div class=\"elementor-column elementor-col-25 elementor-top-column elementor-element elementor-element-2b020fe8\" data-id=\"2b020fe8\" data-element_type=\"column\">\n\t\t\t<div class=\"elementor-widget-wrap elementor-element-populated\">\n\t\t\t\t\t\t<div class=\"elementor-element elementor-element-73dd2e65 elementor-widget elementor-widget-sitemap\" data-id=\"73dd2e65\" data-element_type=\"widget\" data-widget_type=\"sitemap.default\">\n\t\t\t\t<div class=\"elementor-widget-container\">\n\t\t\t\t\t<div class=\"elementor-sitemap-wrap\"><div class=\"elementor-sitemap-section\"><h2 class=\"elementor-sitemap-title elementor-sitemap-page-title\">Legal Menu<\/h2><ul class=\"elementor-sitemap-list elementor-sitemap-page-list\"><li class=\"elementor-sitemap-item elementor-sitemap-item-page page_item page-item-1767\"><a rel=\"nofollow\" href=\"https:\/\/www.ivanfotografo.es\/en\/projects\/\">Project<\/a><\/li><li class=\"elementor-sitemap-item elementor-sitemap-item-page page_item page-item-1336\"><a rel=\"nofollow\" href=\"https:\/\/www.ivanfotografo.es\/en\">home<\/a><\/li><li class=\"elementor-sitemap-item elementor-sitemap-item-page page_item page-item-1307\"><a rel=\"nofollow\" href=\"https:\/\/www.ivanfotografo.es\/en\/scene\/\">Scene<\/a><\/li><li class=\"elementor-sitemap-item elementor-sitemap-item-page page_item page-item-1642\"><a rel=\"nofollow\" href=\"https:\/\/www.ivanfotografo.es\/en\/wildlife\/\">Urban<\/a><\/li><li class=\"elementor-sitemap-item elementor-sitemap-item-page page_item page-item-1279\"><a rel=\"nofollow\" href=\"https:\/\/www.ivanfotografo.es\/en\/recent\/\">Recent<\/a><\/li><li class=\"elementor-sitemap-item elementor-sitemap-item-page page_item page-item-311\"><a rel=\"nofollow\" href=\"https:\/\/www.ivanfotografo.es\/en\/legal-notice\/\">Legal warning<\/a><\/li><li class=\"elementor-sitemap-item elementor-sitemap-item-page page_item page-item-315\"><a rel=\"nofollow\" href=\"https:\/\/www.ivanfotografo.es\/en\/privacy-policy\/\">Privacy Policy<\/a><\/li><li class=\"elementor-sitemap-item elementor-sitemap-item-page page_item page-item-1204\"><a rel=\"nofollow\" href=\"https:\/\/www.ivanfotografo.es\/en\/fluttering-birds\/\">Fluttering Birds<\/a><\/li><li class=\"elementor-sitemap-item elementor-sitemap-item-page page_item page-item-319\"><a rel=\"nofollow\" href=\"https:\/\/www.ivanfotografo.es\/en\/cookies-policy\/\">Cookies policy<\/a><\/li><li class=\"elementor-sitemap-item elementor-sitemap-item-page page_item page-item-327\"><a rel=\"nofollow\" href=\"https:\/\/www.ivanfotografo.es\/en\/accessibility\/\">Accessibility<\/a><\/li><li class=\"elementor-sitemap-item elementor-sitemap-item-page page_item page-item-1159\"><a rel=\"nofollow\" href=\"https:\/\/www.ivanfotografo.es\/en\/contact\/\">Contact<\/a><\/li><li class=\"elementor-sitemap-item elementor-sitemap-item-page page_item page-item-1155\"><a rel=\"nofollow\" href=\"https:\/\/www.ivanfotografo.es\/en\/about\/\">About<\/a><\/li><li class=\"elementor-sitemap-item elementor-sitemap-item-page page_item page-item-122\"><a rel=\"nofollow\" href=\"https:\/\/www.ivanfotografo.es\/en\/site-map-2\/\">Site Map<\/a><\/li><li class=\"elementor-sitemap-item elementor-sitemap-item-page page_item page-item-1128\"><a rel=\"nofollow\" href=\"https:\/\/www.ivanfotografo.es\/en\/black-and-white-portraits\/\">Black and White Portraits.<\/a><\/li><li class=\"elementor-sitemap-item elementor-sitemap-item-page page_item page-item-1105\"><a rel=\"nofollow\" href=\"https:\/\/www.ivanfotografo.es\/en\/vivid-parrots\/\">Vivid Parrots<\/a><\/li><\/ul><\/div><\/div>\t\t\t\t<\/div>\n\t\t\t\t<\/div>\n\t\t\t\t\t<\/div>\n\t\t<\/div>\n\t\t\t\t<div class=\"elementor-column elementor-col-25 elementor-top-column elementor-element elementor-element-5e9281a7\" data-id=\"5e9281a7\" data-element_type=\"column\">\n\t\t\t<div class=\"elementor-widget-wrap elementor-element-populated\">\n\t\t\t\t\t\t<div class=\"elementor-element elementor-element-6c23ebc5 elementor-widget elementor-widget-sitemap\" data-id=\"6c23ebc5\" data-element_type=\"widget\" data-widget_type=\"sitemap.default\">\n\t\t\t\t<div class=\"elementor-widget-container\">\n\t\t\t\t\t<div class=\"elementor-sitemap-wrap\"><div class=\"elementor-sitemap-section\"><h2 class=\"elementor-sitemap-title elementor-sitemap-page-title\">Accessibility Menu<\/h2><ul class=\"elementor-sitemap-list elementor-sitemap-page-list\"><li class=\"elementor-sitemap-item elementor-sitemap-item-page page_item page-item-1767\"><a rel=\"nofollow\" href=\"https:\/\/www.ivanfotografo.es\/en\/projects\/\">Project<\/a><\/li><li class=\"elementor-sitemap-item elementor-sitemap-item-page page_item page-item-1336\"><a rel=\"nofollow\" href=\"https:\/\/www.ivanfotografo.es\/en\">home<\/a><\/li><li class=\"elementor-sitemap-item elementor-sitemap-item-page page_item page-item-1307\"><a rel=\"nofollow\" href=\"https:\/\/www.ivanfotografo.es\/en\/scene\/\">Scene<\/a><\/li><li class=\"elementor-sitemap-item elementor-sitemap-item-page page_item page-item-1642\"><a rel=\"nofollow\" href=\"https:\/\/www.ivanfotografo.es\/en\/wildlife\/\">Urban<\/a><\/li><li class=\"elementor-sitemap-item elementor-sitemap-item-page page_item page-item-1279\"><a rel=\"nofollow\" href=\"https:\/\/www.ivanfotografo.es\/en\/recent\/\">Recent<\/a><\/li><li class=\"elementor-sitemap-item elementor-sitemap-item-page page_item page-item-1204\"><a rel=\"nofollow\" href=\"https:\/\/www.ivanfotografo.es\/en\/fluttering-birds\/\">Fluttering Birds<\/a><\/li><li class=\"elementor-sitemap-item elementor-sitemap-item-page page_item page-item-327\"><a rel=\"nofollow\" href=\"https:\/\/www.ivanfotografo.es\/en\/accessibility\/\">Accessibility<\/a><\/li><li class=\"elementor-sitemap-item elementor-sitemap-item-page page_item page-item-1159\"><a rel=\"nofollow\" href=\"https:\/\/www.ivanfotografo.es\/en\/contact\/\">Contact<\/a><\/li><li class=\"elementor-sitemap-item elementor-sitemap-item-page page_item page-item-1155\"><a rel=\"nofollow\" href=\"https:\/\/www.ivanfotografo.es\/en\/about\/\">About<\/a><\/li><li class=\"elementor-sitemap-item elementor-sitemap-item-page page_item page-item-122\"><a rel=\"nofollow\" href=\"https:\/\/www.ivanfotografo.es\/en\/site-map-2\/\">Site Map<\/a><\/li><li class=\"elementor-sitemap-item elementor-sitemap-item-page page_item page-item-323\"><a rel=\"nofollow\" href=\"https:\/\/www.ivanfotografo.es\/en\/site-map\/\">Site Map<\/a><\/li><li class=\"elementor-sitemap-item elementor-sitemap-item-page page_item page-item-1128\"><a rel=\"nofollow\" href=\"https:\/\/www.ivanfotografo.es\/en\/black-and-white-portraits\/\">Black and White Portraits.<\/a><\/li><li class=\"elementor-sitemap-item elementor-sitemap-item-page page_item page-item-1105\"><a rel=\"nofollow\" href=\"https:\/\/www.ivanfotografo.es\/en\/vivid-parrots\/\">Vivid Parrots<\/a><\/li><\/ul><\/div><\/div>\t\t\t\t<\/div>\n\t\t\t\t<\/div>\n\t\t\t\t\t<\/div>\n\t\t<\/div>\n\t\t\t\t<div class=\"elementor-column elementor-col-25 elementor-top-column elementor-element elementor-element-ef0803d\" data-id=\"ef0803d\" data-element_type=\"column\">\n\t\t\t<div class=\"elementor-widget-wrap elementor-element-populated\">\n\t\t\t\t\t\t<div class=\"elementor-element elementor-element-2ff3da1 elementor-widget elementor-widget-sitemap\" data-id=\"2ff3da1\" data-element_type=\"widget\" data-widget_type=\"sitemap.default\">\n\t\t\t\t<div class=\"elementor-widget-container\">\n\t\t\t\t\t<div class=\"elementor-sitemap-wrap\"><div class=\"elementor-sitemap-section\"><h2 class=\"elementor-sitemap-title elementor-sitemap-language_switcher-title\">Languages Menu<\/h2><ul class=\"elementor-sitemap-list elementor-sitemap-language_switcher-list\"><li class=\"elementor-sitemap-item elementor-sitemap-item-language_switcher page_item page-item-142\"><a rel=\"nofollow\" href=\"https:\/\/www.ivanfotografo.es\/en\/language_switcher\/spanish\/\">Spanish<\/a><\/li><li class=\"elementor-sitemap-item elementor-sitemap-item-language_switcher page_item page-item-143\"><a rel=\"nofollow\" href=\"https:\/\/www.ivanfotografo.es\/en\/language_switcher\/english\/\">English<\/a><\/li><li class=\"elementor-sitemap-item elementor-sitemap-item-language_switcher page_item page-item-144\"><a rel=\"nofollow\" href=\"https:\/\/www.ivanfotografo.es\/en\/language_switcher\/idioma-actual\/\">Current language<\/a><\/li><li class=\"elementor-sitemap-item elementor-sitemap-item-language_switcher page_item page-item-425\"><a rel=\"nofollow\" href=\"https:\/\/www.ivanfotografo.es\/en\/language_switcher\/french\/\">French<\/a><\/li><\/ul><\/div><\/div>\t\t\t\t<\/div>\n\t\t\t\t<\/div>\n\t\t\t\t\t<\/div>\n\t\t<\/div>\n\t\t\t\t\t<\/div>\n\t\t<\/section>\n\t\t\t\t<section class=\"elementor-section elementor-top-section elementor-element elementor-element-19b8064 elementor-section-boxed elementor-section-height-default elementor-section-height-default\" data-id=\"19b8064\" data-element_type=\"section\">\n\t\t\t\t\t\t<div class=\"elementor-container elementor-column-gap-default\">\n\t\t\t\t\t<div class=\"elementor-column elementor-col-100 elementor-top-column elementor-element elementor-element-a17f9cc\" data-id=\"a17f9cc\" data-element_type=\"column\">\n\t\t\t<div class=\"elementor-widget-wrap elementor-element-populated\">\n\t\t\t\t\t\t<div class=\"elementor-element elementor-element-31a24d1 elementor-align-center elementor-widget elementor-widget-button\" data-id=\"31a24d1\" data-element_type=\"widget\" data-widget_type=\"button.default\">\n\t\t\t\t<div class=\"elementor-widget-container\">\n\t\t\t\t\t\t\t\t\t<div class=\"elementor-button-wrapper\">\n\t\t\t\t\t<a class=\"elementor-button elementor-size-md elementor-animation-grow\" role=\"button\">\n\t\t\t\t\t\t<span class=\"elementor-button-content-wrapper\">\n\t\t\t\t\t\t\t\t\t<span class=\"elementor-button-text\">Ask for more information<\/span>\n\t\t\t\t\t<\/span>\n\t\t\t\t\t<\/a>\n\t\t\t\t<\/div>\n\t\t\t\t\t\t\t\t<\/div>\n\t\t\t\t<\/div>\n\t\t\t\t\t<\/div>\n\t\t<\/div>\n\t\t\t\t\t<\/div>\n\t\t<\/section>\n\t\t\t\t<\/div>","protected":false},"excerpt":{"rendered":"<p>SITE MAP Information on the internal structure of the site, the pages and their distribution in menus Request more information<\/p>","protected":false},"author":4,"featured_media":0,"parent":0,"menu_order":14,"comment_status":"closed","ping_status":"closed","template":"","meta":{"footnotes":""},"class_list":["post-323","page","type-page","status-publish","hentry"],"yoast_head":"<!-- This site is optimized with the Yoast SEO plugin v24.4 - https:\/\/yoast.com\/wordpress\/plugins\/seo\/ -->\n<title>Mapa del Sitio | Iv\u00e1n Fot\u00f3grafo<\/title>\n<meta name=\"description\" content=\"Navega f\u00e1cilmente por nuestra web a trav\u00e9s de nuestro Mapa del Sitio. Encuentra enlaces directos a nuestras principales secciones.\" \/>\n<meta name=\"robots\" content=\"noindex, nofollow\" \/>\n<meta property=\"og:locale\" content=\"en_US\" \/>\n<meta property=\"og:type\" content=\"article\" \/>\n<meta property=\"og:title\" content=\"Mapa del Sitio | Iv\u00e1n Fot\u00f3grafo\" \/>\n<meta property=\"og:description\" content=\"Navega f\u00e1cilmente por nuestra web a trav\u00e9s de nuestro Mapa del Sitio. Encuentra enlaces directos a nuestras principales secciones.\" \/>\n<meta property=\"og:url\" content=\"https:\/\/www.ivanfotografo.es\/en\/site-map\/\" \/>\n<meta property=\"og:site_name\" content=\"Iv\u00e1n Fot\u00f3grafo\" \/>\n<meta property=\"article:modified_time\" content=\"2023-09-27T12:32:52+00:00\" \/>\n<meta name=\"twitter:card\" content=\"summary_large_image\" \/>\n<script type=\"application\/ld+json\" class=\"yoast-schema-graph\">{\"@context\":\"https:\/\/schema.org\",\"@graph\":[{\"@type\":\"WebPage\",\"@id\":\"https:\/\/www.ivanfotografo.es\/mapa-del-sitio\/\",\"url\":\"https:\/\/www.ivanfotografo.es\/mapa-del-sitio\/\",\"name\":\"Mapa del Sitio | Iv\u00e1n Fot\u00f3grafo\",\"isPartOf\":{\"@id\":\"https:\/\/www.ivanfotografo.es\/#website\"},\"datePublished\":\"2023-03-28T09:42:16+00:00\",\"dateModified\":\"2023-09-27T12:32:52+00:00\",\"description\":\"Navega f\u00e1cilmente por nuestra web a trav\u00e9s de nuestro Mapa del Sitio. Encuentra enlaces directos a nuestras principales secciones.\",\"breadcrumb\":{\"@id\":\"https:\/\/www.ivanfotografo.es\/mapa-del-sitio\/#breadcrumb\"},\"inLanguage\":\"en-US\",\"potentialAction\":[{\"@type\":\"ReadAction\",\"target\":[\"https:\/\/www.ivanfotografo.es\/mapa-del-sitio\/\"]}]},{\"@type\":\"BreadcrumbList\",\"@id\":\"https:\/\/www.ivanfotografo.es\/mapa-del-sitio\/#breadcrumb\",\"itemListElement\":[{\"@type\":\"ListItem\",\"position\":1,\"name\":\"Inicio\",\"item\":\"https:\/\/www.ivanfotografo.es\/\"},{\"@type\":\"ListItem\",\"position\":2,\"name\":\"Mapa del Sitio\"}]},{\"@type\":\"WebSite\",\"@id\":\"https:\/\/www.ivanfotografo.es\/#website\",\"url\":\"https:\/\/www.ivanfotografo.es\/\",\"name\":\"Iv\u00e1n Fot\u00f3grafo\",\"description\":\"Iv\u00e1n Mart\u00ednez\",\"publisher\":{\"@id\":\"https:\/\/www.ivanfotografo.es\/#organization\"},\"potentialAction\":[{\"@type\":\"SearchAction\",\"target\":{\"@type\":\"EntryPoint\",\"urlTemplate\":\"https:\/\/www.ivanfotografo.es\/?s={search_term_string}\"},\"query-input\":{\"@type\":\"PropertyValueSpecification\",\"valueRequired\":true,\"valueName\":\"search_term_string\"}}],\"inLanguage\":\"en-US\"},{\"@type\":\"Organization\",\"@id\":\"https:\/\/www.ivanfotografo.es\/#organization\",\"name\":\"Iv\u00e1n Fot\u00f3grafo\",\"url\":\"https:\/\/www.ivanfotografo.es\/\",\"logo\":{\"@type\":\"ImageObject\",\"inLanguage\":\"en-US\",\"@id\":\"https:\/\/www.ivanfotografo.es\/#\/schema\/logo\/image\/\",\"url\":\"https:\/\/www.ivanfotografo.es\/wp-content\/uploads\/2023\/09\/logo-ivan3-2.svg\",\"contentUrl\":\"https:\/\/www.ivanfotografo.es\/wp-content\/uploads\/2023\/09\/logo-ivan3-2.svg\",\"width\":1212,\"height\":100,\"caption\":\"Iv\u00e1n Fot\u00f3grafo\"},\"image\":{\"@id\":\"https:\/\/www.ivanfotografo.es\/#\/schema\/logo\/image\/\"}}]}<\/script>\n<!-- \/ Yoast SEO plugin. -->","yoast_head_json":{"title":"Mapa del Sitio | Iv\u00e1n Fot\u00f3grafo","description":"Navega f\u00e1cilmente por nuestra web a trav\u00e9s de nuestro Mapa del Sitio. Encuentra enlaces directos a nuestras principales secciones.","robots":{"index":"noindex","follow":"nofollow"},"og_locale":"en_US","og_type":"article","og_title":"Mapa del Sitio | Iv\u00e1n Fot\u00f3grafo","og_description":"Navega f\u00e1cilmente por nuestra web a trav\u00e9s de nuestro Mapa del Sitio. Encuentra enlaces directos a nuestras principales secciones.","og_url":"https:\/\/www.ivanfotografo.es\/en\/site-map\/","og_site_name":"Iv\u00e1n Fot\u00f3grafo","article_modified_time":"2023-09-27T12:32:52+00:00","twitter_card":"summary_large_image","schema":{"@context":"https:\/\/schema.org","@graph":[{"@type":"WebPage","@id":"https:\/\/www.ivanfotografo.es\/mapa-del-sitio\/","url":"https:\/\/www.ivanfotografo.es\/mapa-del-sitio\/","name":"Mapa del Sitio | Iv\u00e1n Fot\u00f3grafo","isPartOf":{"@id":"https:\/\/www.ivanfotografo.es\/#website"},"datePublished":"2023-03-28T09:42:16+00:00","dateModified":"2023-09-27T12:32:52+00:00","description":"Navega f\u00e1cilmente por nuestra web a trav\u00e9s de nuestro Mapa del Sitio. Encuentra enlaces directos a nuestras principales secciones.","breadcrumb":{"@id":"https:\/\/www.ivanfotografo.es\/mapa-del-sitio\/#breadcrumb"},"inLanguage":"en-US","potentialAction":[{"@type":"ReadAction","target":["https:\/\/www.ivanfotografo.es\/mapa-del-sitio\/"]}]},{"@type":"BreadcrumbList","@id":"https:\/\/www.ivanfotografo.es\/mapa-del-sitio\/#breadcrumb","itemListElement":[{"@type":"ListItem","position":1,"name":"Inicio","item":"https:\/\/www.ivanfotografo.es\/"},{"@type":"ListItem","position":2,"name":"Mapa del Sitio"}]},{"@type":"WebSite","@id":"https:\/\/www.ivanfotografo.es\/#website","url":"https:\/\/www.ivanfotografo.es\/","name":"Iv\u00e1n Fot\u00f3grafo","description":"Iv\u00e1n Mart\u00ednez","publisher":{"@id":"https:\/\/www.ivanfotografo.es\/#organization"},"potentialAction":[{"@type":"SearchAction","target":{"@type":"EntryPoint","urlTemplate":"https:\/\/www.ivanfotografo.es\/?s={search_term_string}"},"query-input":{"@type":"PropertyValueSpecification","valueRequired":true,"valueName":"search_term_string"}}],"inLanguage":"en-US"},{"@type":"Organization","@id":"https:\/\/www.ivanfotografo.es\/#organization","name":"Iv\u00e1n Fot\u00f3grafo","url":"https:\/\/www.ivanfotografo.es\/","logo":{"@type":"ImageObject","inLanguage":"en-US","@id":"https:\/\/www.ivanfotografo.es\/#\/schema\/logo\/image\/","url":"https:\/\/www.ivanfotografo.es\/wp-content\/uploads\/2023\/09\/logo-ivan3-2.svg","contentUrl":"https:\/\/www.ivanfotografo.es\/wp-content\/uploads\/2023\/09\/logo-ivan3-2.svg","width":1212,"height":100,"caption":"Iv\u00e1n Fot\u00f3grafo"},"image":{"@id":"https:\/\/www.ivanfotografo.es\/#\/schema\/logo\/image\/"}}]}},"_links":{"self":[{"href":"https:\/\/www.ivanfotografo.es\/en\/wp-json\/wp\/v2\/pages\/323","targetHints":{"allow":["GET"]}}],"collection":[{"href":"https:\/\/www.ivanfotografo.es\/en\/wp-json\/wp\/v2\/pages"}],"about":[{"href":"https:\/\/www.ivanfotografo.es\/en\/wp-json\/wp\/v2\/types\/page"}],"author":[{"embeddable":true,"href":"https:\/\/www.ivanfotografo.es\/en\/wp-json\/wp\/v2\/users\/4"}],"replies":[{"embeddable":true,"href":"https:\/\/www.ivanfotografo.es\/en\/wp-json\/wp\/v2\/comments?post=323"}],"version-history":[{"count":5,"href":"https:\/\/www.ivanfotografo.es\/en\/wp-json\/wp\/v2\/pages\/323\/revisions"}],"predecessor-version":[{"id":1067,"href":"https:\/\/www.ivanfotografo.es\/en\/wp-json\/wp\/v2\/pages\/323\/revisions\/1067"}],"wp:attachment":[{"href":"https:\/\/www.ivanfotografo.es\/en\/wp-json\/wp\/v2\/media?parent=323"}],"curies":[{"name":"wp","href":"https:\/\/api.w.org\/{rel}","templated":true}]}}