{"id":448,"date":"2023-03-28T18:41:33","date_gmt":"2023-03-28T16:41:33","guid":{"rendered":"https:\/\/www.ivanfotografo.es\/?page_id=448"},"modified":"2023-08-06T17:51:53","modified_gmt":"2023-08-06T15:51:53","slug":"servicios","status":"publish","type":"page","link":"https:\/\/www.ivanfotografo.es\/en\/services\/","title":{"rendered":"Services"},"content":{"rendered":"<div data-elementor-type=\"wp-page\" data-elementor-id=\"448\" class=\"elementor elementor-448\" data-elementor-post-type=\"page\">\n\t\t\t\t\t\t<section class=\"elementor-section elementor-top-section elementor-element elementor-element-f847398 elementor-section-full_width elementor-section-height-default elementor-section-height-default\" data-id=\"f847398\" data-element_type=\"section\">\n\t\t\t\t\t\t<div class=\"elementor-container elementor-column-gap-default\">\n\t\t\t\t\t<div class=\"elementor-column elementor-col-100 elementor-top-column elementor-element elementor-element-9a97759\" data-id=\"9a97759\" data-element_type=\"column\">\n\t\t\t<div class=\"elementor-widget-wrap elementor-element-populated\">\n\t\t\t\t\t\t<div class=\"elementor-element elementor-element-cdf2310 elementor-widget__width-auto elementor-mobile-align-center elementor-widget-mobile__width-auto elementor-widget elementor-widget-breadcrumbs\" data-id=\"cdf2310\" data-element_type=\"widget\" data-widget_type=\"breadcrumbs.default\">\n\t\t\t\t<div class=\"elementor-widget-container\">\n\t\t\t\t\t<p id=\"breadcrumbs\"><span><span><a href=\"https:\/\/www.ivanfotografo.es\/en\">Start<\/a><\/span><\/span><\/p>\t\t\t\t<\/div>\n\t\t\t\t<\/div>\n\t\t\t\t<div class=\"elementor-element elementor-element-cb79bd5 elementor-invisible elementor-widget elementor-widget-heading\" data-id=\"cb79bd5\" data-element_type=\"widget\" data-settings=\"{&quot;_animation&quot;:&quot;fadeInUp&quot;}\" data-widget_type=\"heading.default\">\n\t\t\t\t<div class=\"elementor-widget-container\">\n\t\t\t\t\t<h1 class=\"elementor-heading-title elementor-size-default\">Our services<\/h1>\t\t\t\t<\/div>\n\t\t\t\t<\/div>\n\t\t\t\t<div class=\"elementor-element elementor-element-df08ef1 elementor-widget-divider--view-line elementor-widget elementor-widget-divider\" data-id=\"df08ef1\" data-element_type=\"widget\" data-widget_type=\"divider.default\">\n\t\t\t\t<div class=\"elementor-widget-container\">\n\t\t\t\t\t\t\t<div class=\"elementor-divider\">\n\t\t\t<span class=\"elementor-divider-separator\">\n\t\t\t\t\t\t<\/span>\n\t\t<\/div>\n\t\t\t\t\t\t<\/div>\n\t\t\t\t<\/div>\n\t\t\t\t\t<\/div>\n\t\t<\/div>\n\t\t\t\t\t<\/div>\n\t\t<\/section>\n\t\t\t\t<section class=\"elementor-section elementor-top-section elementor-element elementor-element-9167d87 elementor-section-boxed elementor-section-height-default elementor-section-height-default\" data-id=\"9167d87\" data-element_type=\"section\">\n\t\t\t\t\t\t<div class=\"elementor-container elementor-column-gap-default\">\n\t\t\t\t\t<div class=\"elementor-column elementor-col-100 elementor-top-column elementor-element elementor-element-35c649a\" data-id=\"35c649a\" data-element_type=\"column\">\n\t\t\t<div class=\"elementor-widget-wrap elementor-element-populated\">\n\t\t\t\t\t\t<div class=\"elementor-element elementor-element-ec2c53f elementor-widget elementor-widget-spacer\" data-id=\"ec2c53f\" data-element_type=\"widget\" data-widget_type=\"spacer.default\">\n\t\t\t\t<div class=\"elementor-widget-container\">\n\t\t\t\t\t\t\t<div class=\"elementor-spacer\">\n\t\t\t<div class=\"elementor-spacer-inner\"><\/div>\n\t\t<\/div>\n\t\t\t\t\t\t<\/div>\n\t\t\t\t<\/div>\n\t\t\t\t\t<\/div>\n\t\t<\/div>\n\t\t\t\t\t<\/div>\n\t\t<\/section>\n\t\t\t\t<section class=\"elementor-section elementor-top-section elementor-element elementor-element-4a70ccc elementor-section-boxed elementor-section-height-default elementor-section-height-default\" data-id=\"4a70ccc\" data-element_type=\"section\">\n\t\t\t\t\t\t<div class=\"elementor-container elementor-column-gap-default\">\n\t\t\t\t\t<div class=\"elementor-column elementor-col-100 elementor-top-column elementor-element elementor-element-f0bed8d\" data-id=\"f0bed8d\" data-element_type=\"column\">\n\t\t\t<div class=\"elementor-widget-wrap elementor-element-populated\">\n\t\t\t\t\t\t<div class=\"elementor-element elementor-element-bbb14db elementor-align-center elementor-widget elementor-widget-button\" data-id=\"bbb14db\" data-element_type=\"widget\" data-widget_type=\"button.default\">\n\t\t\t\t<div class=\"elementor-widget-container\">\n\t\t\t\t\t\t\t\t\t<div class=\"elementor-button-wrapper\">\n\t\t\t\t\t<a class=\"elementor-button elementor-size-md elementor-animation-grow\" role=\"button\">\n\t\t\t\t\t\t<span class=\"elementor-button-content-wrapper\">\n\t\t\t\t\t\t\t\t\t<span class=\"elementor-button-text\">Ask for more information<\/span>\n\t\t\t\t\t<\/span>\n\t\t\t\t\t<\/a>\n\t\t\t\t<\/div>\n\t\t\t\t\t\t\t\t<\/div>\n\t\t\t\t<\/div>\n\t\t\t\t\t<\/div>\n\t\t<\/div>\n\t\t\t\t\t<\/div>\n\t\t<\/section>\n\t\t\t\t<\/div>","protected":false},"excerpt":{"rendered":"<p>Our Services Request more information<\/p>","protected":false},"author":4,"featured_media":1072,"parent":0,"menu_order":17,"comment_status":"closed","ping_status":"closed","template":"elementor_header_footer","meta":{"footnotes":""},"class_list":["post-448","page","type-page","status-publish","has-post-thumbnail","hentry"],"yoast_head":"<!-- This site is optimized with the Yoast SEO plugin v24.4 - https:\/\/yoast.com\/wordpress\/plugins\/seo\/ -->\n<title>Servicios | Iv\u00e1n Fot\u00f3grafo<\/title>\n<meta name=\"robots\" content=\"index, follow, max-snippet:-1, max-image-preview:large, max-video-preview:-1\" \/>\n<link rel=\"canonical\" href=\"https:\/\/www.ivanfotografo.es\/en\/services\/\" \/>\n<meta property=\"og:locale\" content=\"en_US\" \/>\n<meta property=\"og:type\" content=\"article\" \/>\n<meta property=\"og:title\" content=\"Servicios | Iv\u00e1n Fot\u00f3grafo\" \/>\n<meta property=\"og:description\" content=\"Nuestros Servicios Solicitar m\u00e1s informaci\u00f3n\" \/>\n<meta property=\"og:url\" content=\"https:\/\/www.ivanfotografo.es\/en\/services\/\" \/>\n<meta property=\"og:site_name\" content=\"Iv\u00e1n Fot\u00f3grafo\" \/>\n<meta property=\"article:modified_time\" content=\"2023-08-06T15:51:53+00:00\" \/>\n<meta property=\"og:image\" content=\"https:\/\/www.ivanfotografo.es\/wp-content\/uploads\/2023\/08\/sin-imagen-destacada-1024x658.png\" \/>\n\t<meta property=\"og:image:width\" content=\"1024\" \/>\n\t<meta property=\"og:image:height\" content=\"658\" \/>\n\t<meta property=\"og:image:type\" content=\"image\/png\" \/>\n<meta name=\"twitter:card\" content=\"summary_large_image\" \/>\n<script type=\"application\/ld+json\" class=\"yoast-schema-graph\">{\"@context\":\"https:\/\/schema.org\",\"@graph\":[{\"@type\":\"WebPage\",\"@id\":\"https:\/\/www.ivanfotografo.es\/servicios\/\",\"url\":\"https:\/\/www.ivanfotografo.es\/servicios\/\",\"name\":\"Servicios | Iv\u00e1n Fot\u00f3grafo\",\"isPartOf\":{\"@id\":\"https:\/\/www.ivanfotografo.es\/#website\"},\"primaryImageOfPage\":{\"@id\":\"https:\/\/www.ivanfotografo.es\/servicios\/#primaryimage\"},\"image\":{\"@id\":\"https:\/\/www.ivanfotografo.es\/servicios\/#primaryimage\"},\"thumbnailUrl\":\"https:\/\/www.ivanfotografo.es\/wp-content\/uploads\/2023\/08\/sin-imagen-destacada.png\",\"datePublished\":\"2023-03-28T16:41:33+00:00\",\"dateModified\":\"2023-08-06T15:51:53+00:00\",\"breadcrumb\":{\"@id\":\"https:\/\/www.ivanfotografo.es\/servicios\/#breadcrumb\"},\"inLanguage\":\"en-US\",\"potentialAction\":[{\"@type\":\"ReadAction\",\"target\":[\"https:\/\/www.ivanfotografo.es\/servicios\/\"]}]},{\"@type\":\"ImageObject\",\"inLanguage\":\"en-US\",\"@id\":\"https:\/\/www.ivanfotografo.es\/servicios\/#primaryimage\",\"url\":\"https:\/\/www.ivanfotografo.es\/wp-content\/uploads\/2023\/08\/sin-imagen-destacada.png\",\"contentUrl\":\"https:\/\/www.ivanfotografo.es\/wp-content\/uploads\/2023\/08\/sin-imagen-destacada.png\",\"width\":1920,\"height\":1235,\"caption\":\"Sin imagen destacada\"},{\"@type\":\"BreadcrumbList\",\"@id\":\"https:\/\/www.ivanfotografo.es\/servicios\/#breadcrumb\",\"itemListElement\":[{\"@type\":\"ListItem\",\"position\":1,\"name\":\"Inicio\",\"item\":\"https:\/\/www.ivanfotografo.es\/\"},{\"@type\":\"ListItem\",\"position\":2,\"name\":\"Servicios\"}]},{\"@type\":\"WebSite\",\"@id\":\"https:\/\/www.ivanfotografo.es\/#website\",\"url\":\"https:\/\/www.ivanfotografo.es\/\",\"name\":\"Iv\u00e1n Fot\u00f3grafo\",\"description\":\"Iv\u00e1n Mart\u00ednez\",\"publisher\":{\"@id\":\"https:\/\/www.ivanfotografo.es\/#organization\"},\"potentialAction\":[{\"@type\":\"SearchAction\",\"target\":{\"@type\":\"EntryPoint\",\"urlTemplate\":\"https:\/\/www.ivanfotografo.es\/?s={search_term_string}\"},\"query-input\":{\"@type\":\"PropertyValueSpecification\",\"valueRequired\":true,\"valueName\":\"search_term_string\"}}],\"inLanguage\":\"en-US\"},{\"@type\":\"Organization\",\"@id\":\"https:\/\/www.ivanfotografo.es\/#organization\",\"name\":\"Iv\u00e1n Fot\u00f3grafo\",\"url\":\"https:\/\/www.ivanfotografo.es\/\",\"logo\":{\"@type\":\"ImageObject\",\"inLanguage\":\"en-US\",\"@id\":\"https:\/\/www.ivanfotografo.es\/#\/schema\/logo\/image\/\",\"url\":\"https:\/\/www.ivanfotografo.es\/wp-content\/uploads\/2023\/09\/logo-ivan3-2.svg\",\"contentUrl\":\"https:\/\/www.ivanfotografo.es\/wp-content\/uploads\/2023\/09\/logo-ivan3-2.svg\",\"width\":1212,\"height\":100,\"caption\":\"Iv\u00e1n Fot\u00f3grafo\"},\"image\":{\"@id\":\"https:\/\/www.ivanfotografo.es\/#\/schema\/logo\/image\/\"}}]}<\/script>\n<!-- \/ Yoast SEO plugin. -->","yoast_head_json":{"title":"Servicios | Iv\u00e1n Fot\u00f3grafo","robots":{"index":"index","follow":"follow","max-snippet":"max-snippet:-1","max-image-preview":"max-image-preview:large","max-video-preview":"max-video-preview:-1"},"canonical":"https:\/\/www.ivanfotografo.es\/en\/services\/","og_locale":"en_US","og_type":"article","og_title":"Servicios | Iv\u00e1n Fot\u00f3grafo","og_description":"Nuestros Servicios Solicitar m\u00e1s informaci\u00f3n","og_url":"https:\/\/www.ivanfotografo.es\/en\/services\/","og_site_name":"Iv\u00e1n Fot\u00f3grafo","article_modified_time":"2023-08-06T15:51:53+00:00","og_image":[{"width":1024,"height":658,"url":"https:\/\/www.ivanfotografo.es\/wp-content\/uploads\/2023\/08\/sin-imagen-destacada-1024x658.png","type":"image\/png"}],"twitter_card":"summary_large_image","schema":{"@context":"https:\/\/schema.org","@graph":[{"@type":"WebPage","@id":"https:\/\/www.ivanfotografo.es\/servicios\/","url":"https:\/\/www.ivanfotografo.es\/servicios\/","name":"Servicios | Iv\u00e1n Fot\u00f3grafo","isPartOf":{"@id":"https:\/\/www.ivanfotografo.es\/#website"},"primaryImageOfPage":{"@id":"https:\/\/www.ivanfotografo.es\/servicios\/#primaryimage"},"image":{"@id":"https:\/\/www.ivanfotografo.es\/servicios\/#primaryimage"},"thumbnailUrl":"https:\/\/www.ivanfotografo.es\/wp-content\/uploads\/2023\/08\/sin-imagen-destacada.png","datePublished":"2023-03-28T16:41:33+00:00","dateModified":"2023-08-06T15:51:53+00:00","breadcrumb":{"@id":"https:\/\/www.ivanfotografo.es\/servicios\/#breadcrumb"},"inLanguage":"en-US","potentialAction":[{"@type":"ReadAction","target":["https:\/\/www.ivanfotografo.es\/servicios\/"]}]},{"@type":"ImageObject","inLanguage":"en-US","@id":"https:\/\/www.ivanfotografo.es\/servicios\/#primaryimage","url":"https:\/\/www.ivanfotografo.es\/wp-content\/uploads\/2023\/08\/sin-imagen-destacada.png","contentUrl":"https:\/\/www.ivanfotografo.es\/wp-content\/uploads\/2023\/08\/sin-imagen-destacada.png","width":1920,"height":1235,"caption":"Sin imagen destacada"},{"@type":"BreadcrumbList","@id":"https:\/\/www.ivanfotografo.es\/servicios\/#breadcrumb","itemListElement":[{"@type":"ListItem","position":1,"name":"Inicio","item":"https:\/\/www.ivanfotografo.es\/"},{"@type":"ListItem","position":2,"name":"Servicios"}]},{"@type":"WebSite","@id":"https:\/\/www.ivanfotografo.es\/#website","url":"https:\/\/www.ivanfotografo.es\/","name":"Iv\u00e1n Fot\u00f3grafo","description":"Iv\u00e1n Mart\u00ednez","publisher":{"@id":"https:\/\/www.ivanfotografo.es\/#organization"},"potentialAction":[{"@type":"SearchAction","target":{"@type":"EntryPoint","urlTemplate":"https:\/\/www.ivanfotografo.es\/?s={search_term_string}"},"query-input":{"@type":"PropertyValueSpecification","valueRequired":true,"valueName":"search_term_string"}}],"inLanguage":"en-US"},{"@type":"Organization","@id":"https:\/\/www.ivanfotografo.es\/#organization","name":"Iv\u00e1n Fot\u00f3grafo","url":"https:\/\/www.ivanfotografo.es\/","logo":{"@type":"ImageObject","inLanguage":"en-US","@id":"https:\/\/www.ivanfotografo.es\/#\/schema\/logo\/image\/","url":"https:\/\/www.ivanfotografo.es\/wp-content\/uploads\/2023\/09\/logo-ivan3-2.svg","contentUrl":"https:\/\/www.ivanfotografo.es\/wp-content\/uploads\/2023\/09\/logo-ivan3-2.svg","width":1212,"height":100,"caption":"Iv\u00e1n Fot\u00f3grafo"},"image":{"@id":"https:\/\/www.ivanfotografo.es\/#\/schema\/logo\/image\/"}}]}},"_links":{"self":[{"href":"https:\/\/www.ivanfotografo.es\/en\/wp-json\/wp\/v2\/pages\/448","targetHints":{"allow":["GET"]}}],"collection":[{"href":"https:\/\/www.ivanfotografo.es\/en\/wp-json\/wp\/v2\/pages"}],"about":[{"href":"https:\/\/www.ivanfotografo.es\/en\/wp-json\/wp\/v2\/types\/page"}],"author":[{"embeddable":true,"href":"https:\/\/www.ivanfotografo.es\/en\/wp-json\/wp\/v2\/users\/4"}],"replies":[{"embeddable":true,"href":"https:\/\/www.ivanfotografo.es\/en\/wp-json\/wp\/v2\/comments?post=448"}],"version-history":[{"count":5,"href":"https:\/\/www.ivanfotografo.es\/en\/wp-json\/wp\/v2\/pages\/448\/revisions"}],"predecessor-version":[{"id":1034,"href":"https:\/\/www.ivanfotografo.es\/en\/wp-json\/wp\/v2\/pages\/448\/revisions\/1034"}],"wp:featuredmedia":[{"embeddable":true,"href":"https:\/\/www.ivanfotografo.es\/en\/wp-json\/wp\/v2\/media\/1072"}],"wp:attachment":[{"href":"https:\/\/www.ivanfotografo.es\/en\/wp-json\/wp\/v2\/media?parent=448"}],"curies":[{"name":"wp","href":"https:\/\/api.w.org\/{rel}","templated":true}]}}