{"id":1155,"date":"2023-09-27T13:00:01","date_gmt":"2023-09-27T11:00:01","guid":{"rendered":"https:\/\/www.ivanfotografo.es\/about\/"},"modified":"2023-09-27T13:06:03","modified_gmt":"2023-09-27T11:06:03","slug":"about","status":"publish","type":"page","link":"https:\/\/www.ivanfotografo.es\/fr\/a-propos\/","title":{"rendered":"\u00c0 propos"},"content":{"rendered":"<div data-elementor-type=\"wp-page\" data-elementor-id=\"1155\" class=\"elementor elementor-1155\" data-elementor-post-type=\"page\">\n\t\t\t\t\t\t<section class=\"elementor-section elementor-top-section elementor-element elementor-element-2a3e217d elementor-section-height-min-height elementor-section-items-stretch elementor-section-boxed elementor-section-height-default\" data-id=\"2a3e217d\" data-element_type=\"section\" id=\"uppage\" data-settings=\"{&quot;background_background&quot;:&quot;classic&quot;}\">\n\t\t\t\t\t\t<div class=\"elementor-container elementor-column-gap-default\">\n\t\t\t\t\t<div class=\"elementor-column elementor-col-50 elementor-top-column elementor-element elementor-element-1dfdaf98\" data-id=\"1dfdaf98\" data-element_type=\"column\">\n\t\t\t<div class=\"elementor-widget-wrap elementor-element-populated\">\n\t\t\t\t\t\t<div class=\"elementor-element elementor-element-424112a elementor-widget elementor-widget-heading\" data-id=\"424112a\" data-element_type=\"widget\" data-widget_type=\"heading.default\">\n\t\t\t\t<div class=\"elementor-widget-container\">\n\t\t\t\t\t<h1 class=\"elementor-heading-title elementor-size-default\">\u00c0 propos<br>\nJE.<\/h1>\t\t\t\t<\/div>\n\t\t\t\t<\/div>\n\t\t\t\t\t<\/div>\n\t\t<\/div>\n\t\t\t\t<div class=\"elementor-column elementor-col-50 elementor-top-column elementor-element elementor-element-42285ad\" data-id=\"42285ad\" data-element_type=\"column\">\n\t\t\t<div class=\"elementor-widget-wrap elementor-element-populated\">\n\t\t\t\t\t\t<div class=\"elementor-element elementor-element-349cbf16 elementor-widget elementor-widget-heading\" data-id=\"349cbf16\" data-element_type=\"widget\" data-widget_type=\"heading.default\">\n\t\t\t\t<div class=\"elementor-widget-container\">\n\t\t\t\t\t<h2 class=\"elementor-heading-title elementor-size-default\">Je m&#039;appelle Robert Ortega et je suis photographe nature<\/h2>\t\t\t\t<\/div>\n\t\t\t\t<\/div>\n\t\t\t\t<div class=\"elementor-element elementor-element-1fb2ad36 elementor-widget elementor-widget-text-editor\" data-id=\"1fb2ad36\" data-element_type=\"widget\" data-widget_type=\"text-editor.default\">\n\t\t\t\t<div class=\"elementor-widget-container\">\n\t\t\t\t\t\t\t\t\tRobert Ortega est un photographe nature bas\u00e9 \u00e0 Santa Monica, en Californie. L&#039;accent de Robert est mis sur des \u00eatres physiques uniques, comme un animal ou une fleur. \u00c9tant donn\u00e9 que chaque photo repr\u00e9sente un seul \u00e9l\u00e9ment, l\u2019accent visuel est la composition de l\u2019\u00e9l\u00e9ment.\n<br>\n<br>\nSes photographies d&#039;animaux sont centr\u00e9es sur les couleurs et les textures des mat\u00e9riaux qui composent l&#039;animal. Les photographies de fleurs mettent en valeur leur structure physique, leurs couleurs et leur positionnement.\n<br>\n<br>\nRobert voyage \u00e0 travers le monde dans des pays sp\u00e9cifiques dont il souhaite explorer et photographier les \u00e9cosyst\u00e8mes.\t\t\t\t\t\t\t\t<\/div>\n\t\t\t\t<\/div>\n\t\t\t\t\t<\/div>\n\t\t<\/div>\n\t\t\t\t\t<\/div>\n\t\t<\/section>\n\t\t\t\t<\/div>","protected":false},"excerpt":{"rendered":"<p>About Me. My name is Robert Ortega and I am a nature photographer Robert Ortega is a nature photographer based in Santa Monica, California. Robert\u2019s focus is single physical beings, such as an animal or a flower. Because each photo is of one single item, the visual focus is the item\u2019s composition. His photographs of [&hellip;]<\/p>","protected":false},"author":4,"featured_media":0,"parent":0,"menu_order":12,"comment_status":"closed","ping_status":"closed","template":"elementor_header_footer","meta":{"footnotes":""},"class_list":["post-1155","page","type-page","status-publish","hentry"],"yoast_head":"<!-- This site is optimized with the Yoast SEO plugin v24.4 - https:\/\/yoast.com\/wordpress\/plugins\/seo\/ -->\n<title>About | Iv\u00e1n Fot\u00f3grafo<\/title>\n<meta name=\"robots\" content=\"index, follow, max-snippet:-1, max-image-preview:large, max-video-preview:-1\" \/>\n<link rel=\"canonical\" href=\"https:\/\/www.ivanfotografo.es\/fr\/a-propos\/\" \/>\n<meta property=\"og:locale\" content=\"fr_FR\" \/>\n<meta property=\"og:type\" content=\"article\" \/>\n<meta property=\"og:title\" content=\"About | Iv\u00e1n Fot\u00f3grafo\" \/>\n<meta property=\"og:description\" content=\"About Me. My name is Robert Ortega and I am a nature photographer Robert Ortega is a nature photographer based in Santa Monica, California. Robert\u2019s focus is single physical beings, such as an animal or a flower. Because each photo is of one single item, the visual focus is the item\u2019s composition. His photographs of [&hellip;]\" \/>\n<meta property=\"og:url\" content=\"https:\/\/www.ivanfotografo.es\/fr\/a-propos\/\" \/>\n<meta property=\"og:site_name\" content=\"Iv\u00e1n Fot\u00f3grafo\" \/>\n<meta property=\"article:modified_time\" content=\"2023-09-27T11:06:03+00:00\" \/>\n<meta name=\"twitter:card\" content=\"summary_large_image\" \/>\n<script type=\"application\/ld+json\" class=\"yoast-schema-graph\">{\"@context\":\"https:\/\/schema.org\",\"@graph\":[{\"@type\":\"WebPage\",\"@id\":\"https:\/\/www.ivanfotografo.es\/about\/\",\"url\":\"https:\/\/www.ivanfotografo.es\/about\/\",\"name\":\"About | Iv\u00e1n Fot\u00f3grafo\",\"isPartOf\":{\"@id\":\"https:\/\/www.ivanfotografo.es\/#website\"},\"datePublished\":\"2023-09-27T11:00:01+00:00\",\"dateModified\":\"2023-09-27T11:06:03+00:00\",\"breadcrumb\":{\"@id\":\"https:\/\/www.ivanfotografo.es\/about\/#breadcrumb\"},\"inLanguage\":\"fr-FR\",\"potentialAction\":[{\"@type\":\"ReadAction\",\"target\":[\"https:\/\/www.ivanfotografo.es\/about\/\"]}]},{\"@type\":\"BreadcrumbList\",\"@id\":\"https:\/\/www.ivanfotografo.es\/about\/#breadcrumb\",\"itemListElement\":[{\"@type\":\"ListItem\",\"position\":1,\"name\":\"Inicio\",\"item\":\"https:\/\/www.ivanfotografo.es\/\"},{\"@type\":\"ListItem\",\"position\":2,\"name\":\"About\"}]},{\"@type\":\"WebSite\",\"@id\":\"https:\/\/www.ivanfotografo.es\/#website\",\"url\":\"https:\/\/www.ivanfotografo.es\/\",\"name\":\"Iv\u00e1n Fot\u00f3grafo\",\"description\":\"Iv\u00e1n Mart\u00ednez\",\"publisher\":{\"@id\":\"https:\/\/www.ivanfotografo.es\/#organization\"},\"potentialAction\":[{\"@type\":\"SearchAction\",\"target\":{\"@type\":\"EntryPoint\",\"urlTemplate\":\"https:\/\/www.ivanfotografo.es\/?s={search_term_string}\"},\"query-input\":{\"@type\":\"PropertyValueSpecification\",\"valueRequired\":true,\"valueName\":\"search_term_string\"}}],\"inLanguage\":\"fr-FR\"},{\"@type\":\"Organization\",\"@id\":\"https:\/\/www.ivanfotografo.es\/#organization\",\"name\":\"Iv\u00e1n Fot\u00f3grafo\",\"url\":\"https:\/\/www.ivanfotografo.es\/\",\"logo\":{\"@type\":\"ImageObject\",\"inLanguage\":\"fr-FR\",\"@id\":\"https:\/\/www.ivanfotografo.es\/#\/schema\/logo\/image\/\",\"url\":\"https:\/\/www.ivanfotografo.es\/wp-content\/uploads\/2023\/09\/logo-ivan3-2.svg\",\"contentUrl\":\"https:\/\/www.ivanfotografo.es\/wp-content\/uploads\/2023\/09\/logo-ivan3-2.svg\",\"width\":1212,\"height\":100,\"caption\":\"Iv\u00e1n Fot\u00f3grafo\"},\"image\":{\"@id\":\"https:\/\/www.ivanfotografo.es\/#\/schema\/logo\/image\/\"}}]}<\/script>\n<!-- \/ Yoast SEO plugin. -->","yoast_head_json":{"title":"About | Iv\u00e1n Fot\u00f3grafo","robots":{"index":"index","follow":"follow","max-snippet":"max-snippet:-1","max-image-preview":"max-image-preview:large","max-video-preview":"max-video-preview:-1"},"canonical":"https:\/\/www.ivanfotografo.es\/fr\/a-propos\/","og_locale":"fr_FR","og_type":"article","og_title":"About | Iv\u00e1n Fot\u00f3grafo","og_description":"About Me. My name is Robert Ortega and I am a nature photographer Robert Ortega is a nature photographer based in Santa Monica, California. Robert\u2019s focus is single physical beings, such as an animal or a flower. Because each photo is of one single item, the visual focus is the item\u2019s composition. His photographs of [&hellip;]","og_url":"https:\/\/www.ivanfotografo.es\/fr\/a-propos\/","og_site_name":"Iv\u00e1n Fot\u00f3grafo","article_modified_time":"2023-09-27T11:06:03+00:00","twitter_card":"summary_large_image","schema":{"@context":"https:\/\/schema.org","@graph":[{"@type":"WebPage","@id":"https:\/\/www.ivanfotografo.es\/about\/","url":"https:\/\/www.ivanfotografo.es\/about\/","name":"About | Iv\u00e1n Fot\u00f3grafo","isPartOf":{"@id":"https:\/\/www.ivanfotografo.es\/#website"},"datePublished":"2023-09-27T11:00:01+00:00","dateModified":"2023-09-27T11:06:03+00:00","breadcrumb":{"@id":"https:\/\/www.ivanfotografo.es\/about\/#breadcrumb"},"inLanguage":"fr-FR","potentialAction":[{"@type":"ReadAction","target":["https:\/\/www.ivanfotografo.es\/about\/"]}]},{"@type":"BreadcrumbList","@id":"https:\/\/www.ivanfotografo.es\/about\/#breadcrumb","itemListElement":[{"@type":"ListItem","position":1,"name":"Inicio","item":"https:\/\/www.ivanfotografo.es\/"},{"@type":"ListItem","position":2,"name":"About"}]},{"@type":"WebSite","@id":"https:\/\/www.ivanfotografo.es\/#website","url":"https:\/\/www.ivanfotografo.es\/","name":"Iv\u00e1n Fot\u00f3grafo","description":"Iv\u00e1n Mart\u00ednez","publisher":{"@id":"https:\/\/www.ivanfotografo.es\/#organization"},"potentialAction":[{"@type":"SearchAction","target":{"@type":"EntryPoint","urlTemplate":"https:\/\/www.ivanfotografo.es\/?s={search_term_string}"},"query-input":{"@type":"PropertyValueSpecification","valueRequired":true,"valueName":"search_term_string"}}],"inLanguage":"fr-FR"},{"@type":"Organization","@id":"https:\/\/www.ivanfotografo.es\/#organization","name":"Iv\u00e1n Fot\u00f3grafo","url":"https:\/\/www.ivanfotografo.es\/","logo":{"@type":"ImageObject","inLanguage":"fr-FR","@id":"https:\/\/www.ivanfotografo.es\/#\/schema\/logo\/image\/","url":"https:\/\/www.ivanfotografo.es\/wp-content\/uploads\/2023\/09\/logo-ivan3-2.svg","contentUrl":"https:\/\/www.ivanfotografo.es\/wp-content\/uploads\/2023\/09\/logo-ivan3-2.svg","width":1212,"height":100,"caption":"Iv\u00e1n Fot\u00f3grafo"},"image":{"@id":"https:\/\/www.ivanfotografo.es\/#\/schema\/logo\/image\/"}}]}},"_links":{"self":[{"href":"https:\/\/www.ivanfotografo.es\/fr\/wp-json\/wp\/v2\/pages\/1155","targetHints":{"allow":["GET"]}}],"collection":[{"href":"https:\/\/www.ivanfotografo.es\/fr\/wp-json\/wp\/v2\/pages"}],"about":[{"href":"https:\/\/www.ivanfotografo.es\/fr\/wp-json\/wp\/v2\/types\/page"}],"author":[{"embeddable":true,"href":"https:\/\/www.ivanfotografo.es\/fr\/wp-json\/wp\/v2\/users\/4"}],"replies":[{"embeddable":true,"href":"https:\/\/www.ivanfotografo.es\/fr\/wp-json\/wp\/v2\/comments?post=1155"}],"version-history":[{"count":4,"href":"https:\/\/www.ivanfotografo.es\/fr\/wp-json\/wp\/v2\/pages\/1155\/revisions"}],"predecessor-version":[{"id":1387,"href":"https:\/\/www.ivanfotografo.es\/fr\/wp-json\/wp\/v2\/pages\/1155\/revisions\/1387"}],"wp:attachment":[{"href":"https:\/\/www.ivanfotografo.es\/fr\/wp-json\/wp\/v2\/media?parent=1155"}],"curies":[{"name":"wp","href":"https:\/\/api.w.org\/{rel}","templated":true}]}}